{"id":3,"date":"2019-09-07T17:48:39","date_gmt":"2019-09-07T15:48:39","guid":{"rendered":"http:\/\/192.168.100.99\/?page_id=3"},"modified":"2022-01-05T16:50:44","modified_gmt":"2022-01-05T15:50:44","slug":"datenschutz","status":"publish","type":"page","link":"https:\/\/www.femtec.org\/datenschutz\/","title":{"rendered":"Datenschutz"},"content":{"rendered":"\n<h2 class=\"display-4 mt-4 pt-4 wp-block-heading\">Allgemeines<\/h2>\n\n\n\n<p>Wir, die<\/p>\n\n\n\n<p class=\"has-text-align-left\"><strong>Femtec GmbH<\/strong><br>c\/o Technische Universit\u00e4t Berlin<br>Stra\u00dfe des 17. Juni 135<br>10623 Berlin<\/p>\n\n\n\n<p>betreiben die Internetseiten unter <a href=\"https:\/\/www.femtec.org\">www.femtec.org<\/a> und verpflichten uns als verantwortliche Stelle, Ihre Daten zu sch\u00fctzen. Diese Erkl\u00e4rung soll Ihnen Auskunft \u00fcber die Erhebung, Speicherung, Verarbeitung und Nutzung Ihrer personenbezogenen Daten geben, die an uns im Rahmen der Nutzung unserer Website \u00fcbermittelt werden.<\/p>\n\n\n\n<p>Rechtsgrundlagen der Datenverarbeitung sind die EU-Datenschutz-Grundverordnung (EU-DSGVO), das Bundesdatenschutzgesetz (BDSG) und das Telemediengesetz (TMG) in der jeweils aktuellen Fassung. <\/p>\n\n\n\n<h2 class=\"display-4 mt-4 pt-4 wp-block-heading\">Umfang, Art und Dauer der Datennutzung<\/h2>\n\n\n\n<p>Die Nutzung des frei zug\u00e4nglichen Bereichs unserer Internetseiten unter <a href=\"https:\/\/www.femtec.org\">www.femtec.org<\/a> ist ohne Angabe personenbezogener Daten m\u00f6glich. Beim Aufruf unserer Website werden durch den von Ihnen genutzten Browser automatisch folgende Informationen an den Server unserer Website gesendet:<\/p>\n\n\n\n<ul class=\"wp-block-list\"><li>IP-Adresse<\/li><li>Datum und Uhrzeit des Zugriffs<\/li><li>Bezeichnung und URL der abgerufenen Inhalte<\/li><li>Webseite, von der aus der Zugriff erfolgt (Referrer-URL)<\/li><li>Verwendeter Browser, Betriebssystem und Name des Access-Providers<\/li><\/ul>\n\n\n\n<p>Die oben genannten Daten werden von uns zu dem Zweck verarbeitet, einen reibungslosen Verbindungsaufbau zu der Website sowie eine komfortable Nutzung und die Systemsicherheit und -stabilit\u00e4t zu gew\u00e4hrleisten. In keinem Fall verwenden wir Daten, um R\u00fcckschl\u00fcsse auf Ihre Person zu ziehen. Die Daten werden nicht dauerhaft gespeichert.<\/p>\n\n\n\n<p>Wenn Sie uns per E-Mail personenbezogene Daten mitteilen, werden diese Daten ausschlie\u00dflich zur Beantwortung Ihrer Anfrage verwendet und danach unverz\u00fcglich gel\u00f6scht.<\/p>\n\n\n\n<h2 class=\"display-4 mt-4 pt-4 wp-block-heading\">Wer hat Zugriff auf Ihre Daten?<\/h2>\n\n\n\n<p>Zugriff auf die von uns erhobenen personenbezogenen Daten haben nur solche Personen, die \u00fcber die gesetzlichen Bestimmungen zum Datenschutz informiert sind und sich gem\u00e4\u00df den geltenden gesetzlichen Bestimmungen verpflichtet haben, diese einzuhalten.<\/p>\n\n\n\n<h2 class=\"display-4 mt-4 pt-4 wp-block-heading\">Welche Rechte haben Sie an Ihren personenbezogenen Daten?<\/h2>\n\n\n\n<p>Sie haben das Recht auf jederzeitige unentgeltliche Auskunft \u00fcber Ihre bei uns gespeicherten personenbezogenen Daten.<\/p>\n\n\n\n<p>Sie haben das Recht, unverz\u00fcglich die Berichtigung unrichtiger personenbezogener Daten oder deren Vervollst\u00e4ndigung zu verlangen. Die Berichtigung k\u00f6nnen Sie aber auch jederzeit selbst in Ihrem Profil vornehmen.<\/p>\n\n\n\n<p>Sie haben das Recht, zu verlangen, dass die Verarbeitung der personenbezogenen Daten eingeschr\u00e4nkt wird, sofern einer der in Art 18 Abs 1 DSGVO genannten Gr\u00fcnde vorliegt.<\/p>\n\n\n\n<p>Sie haben das Recht, Ihre Daten l\u00f6schen zu lassen, sofern einer der in Art 17 Abs 1 DSGVO genannten Gr\u00fcnde vorliegt.<\/p>\n\n\n\n<p>Sie haben das Recht, die Sie betreffenden personenbezogenen Daten, die sie uns zur Verf\u00fcgung gestellt haben, in einem strukturierten, g\u00e4ngigen und maschinenlesbaren Format zu erhalten und diese Daten einem anderen Datenverantwortlichen zu \u00fcbermitteln.<\/p>\n\n\n\n<p>Wenn Sie von einem dieser Rechte Gebrauch machen m\u00f6chten, wenden Sie sich unter der unter Ziffer 1. dieser Datenschutzerkl\u00e4rung genannten Adresse an uns. Wir werden uns bem\u00fchen, Ihre Anfrage unverz\u00fcglich, sp\u00e4testens innerhalb der gesetzlich vorgeschriebenen Frist von derzeit einem Monat zu beantworten.<\/p>\n\n\n\n<p>Wenn Sie der Ansicht sind, dass die Verarbeitung der Sie betreffenden personenbezogenen Daten gegen gesetzliche Bestimmungen wie die EU-DSGVO oder das BDSG verst\u00f6\u00dft, k\u00f6nnen Sie sich bei der zust\u00e4ndigen Aufsichtsbeh\u00f6rde beschweren. Zust\u00e4ndig ist in der Regel der Landesdatenschutzbeauftragte an unserem Hauptgesch\u00e4ftssitz. Die Kontaktdaten der Berliner Beauftragten f\u00fcr Datenschutz und Informationsfreiheit finden Sie unter <a href=\"https:\/\/www.datenschutz-berlin.de\/berliner-beauftragte.html\" target=\"_blank\" rel=\"noopener noreferrer\">https:\/\/www.datenschutz-berlin.de\/berliner-beauftragte.html<\/a>.<\/p>\n\n\n\n<h2 class=\"display-4 mt-4 pt-4 wp-block-heading\">Cookies<\/h2>\n\n\n\n<p>In dieser Cookie-Richtlinie wird erl\u00e4utert, was Cookies sind und wie wir sie verwenden, welche Arten von Cookies wir verwenden, welche Informationen wir mit Hilfe von Cookies sammeln und wie diese Informationen verwendet werden, und wie Sie die Cookie-Einstellungen steuern k\u00f6nnen. Weitere Informationen dar\u00fcber, wie wir Ihre pers\u00f6nlichen Daten verwenden, speichern und sicher aufbewahren, finden Sie in unserer Datenschutzrichtlinie.<\/p>\n\n\n\n<p>Sie k\u00f6nnen Ihre Einwilligung in der Cookie-Erkl\u00e4rung auf unserer Website jederzeit \u00e4ndern oder widerrufen. Weitere Informationen dar\u00fcber, wer wir sind, wie Sie uns kontaktieren k\u00f6nnen und wie wir personenbezogene Daten verarbeiten, finden Sie in unserer Datenschutzrichtlinie. Ihr Einverst\u00e4ndnis gilt f\u00fcr die folgenden Domains: www.femtec.org.<\/p>\n\n\n\n<p>Diese Website verwendet Cookies, um Ihre Nutzererfahrung zu verbessern, w\u00e4hrend Sie durch diese Website navigieren. Von diesen werden die als notwendig eingestuften Cookies in Ihrem Browser gespeichert, da sie f\u00fcr die grundlegende Funktionsweise der Website unerl\u00e4sslich sind. Wir verwenden auch Cookies von Dritten, die uns helfen zu analysieren und zu verstehen, wie Sie diese Website nutzen. Diese Cookies werden nur mit Ihrer Zustimmung in Ihrem Browser gespeichert. Sie haben die M\u00f6glichkeit, diese Cookies abzulehnen. Die Ablehnung einiger dieser Cookies kann jedoch Ihr Surferlebnis beeintr\u00e4chtigen.<\/p>\n\n\n\n<p><\/p>\n\n\n\n<p><strong>Was sind Cookies?<\/strong><\/p>\n\n\n\n<p>Cookies sind kleine Textdateien, die dazu dienen, kurze Informationen zu speichern. Sie werden auf Ihrem Ger\u00e4t gespeichert, wenn die Website in Ihrem Browser geladen wird. Diese Cookies helfen uns, die Website ordnungsgem\u00e4\u00df funktionieren zu lassen, sie sicherer zu machen und eine bessere Benutzererfahrung zu bieten. Mithilfe der Cookies k\u00f6nnen wir unsere Website besser analysieren und herausfinden, an welchen Stellen wir die Seite f\u00fcr Sie verbessern oder aktualisieren sollten.<\/p>\n\n\n\n<p><strong>Wie verwenden wir Cookies?<\/strong><\/p>\n\n\n\n<p>Wie die meisten Online-Dienste verwendet auch unsere Website Erstanbieter- und Drittanbieter-Cookies f\u00fcr verschiedene Zwecke. Cookies von Erstanbietern sind meist notwendig, damit die Website richtig funktioniert. Diese sammeln keine personenbezogenen Daten.<\/p>\n\n\n\n<p>Die Cookies von Drittanbietern, die auf unserer Website verwendet werden, dienen haupts\u00e4chlich dazu, zu verstehen, wie die Website funktioniert. Damit lernen wir, wie Sie mit unserer Website interagieren, halten unsere Dienste sicher, k\u00f6nnen Inhalte anbieten, die f\u00fcr Sie interessant sind, um Ihnen insgesamt ein besseres und verbessertes Benutzererlebnis zu bieten und Ihre zuk\u00fcnftigen Interaktionen mit unserer Website zu beschleunigen.<\/p>\n\n\n\n<p><strong>Welche Arten von Cookies nutzen wir?<\/strong><\/p>\n\n\n\n<p><strong>Unverzichtbar:<\/strong> Einige Cookies sind unerl\u00e4sslich, damit Sie die volle Funktionalit\u00e4t unserer Website nutzen k\u00f6nnen. Sie erm\u00f6glichen es uns, Benutzersitzungen aufrechtzuerhalten und Sicherheitsbedrohungen zu verhindern. Sie sammeln oder speichern keine pers\u00f6nlichen Informationen. Diese Cookies erm\u00f6glichen es Ihnen zum Beispiel, sich bei Ihrem Konto anzumelden, Produkte in Ihren Warenkorb zu legen und sicher zur Kasse zu gehen.<\/p>\n\n\n\n<p><strong>Statistik<\/strong>: Diese Cookies speichern Informationen wie die Anzahl der Besucher der Website, die Anzahl der einzelnen Besucher, welche Seiten der Website besucht wurden, die Quelle des Besuchs usw. Diese Daten helfen uns zu verstehen und zu analysieren, wie gut die Website funktioniert und wo sie verbessert werden muss.<\/p>\n\n\n\n<p><strong>Marketing<\/strong>: Auf unserer Website wird Werbung angezeigt. Diese Cookies werden verwendet, um die Werbung, die wir Ihnen zeigen, so zu personalisieren, dass sie f\u00fcr Sie sinnvoll ist. Diese Cookies helfen uns auch, die Effizienz dieser Werbekampagnen zu verfolgen. Die in diesen Cookies gespeicherten Informationen k\u00f6nnen auch von Drittanbietern verwendet werden, um Ihnen Werbung auf anderen Websites im Browser anzuzeigen.<\/p>\n\n\n\n<p><strong>Funktional<\/strong>: Dies sind Cookies, die bestimmte nicht-essentielle Funktionen auf unserer Website unterst\u00fctzen. Zu diesen Funktionen geh\u00f6ren das Einbetten von Inhalten wie Videos oder das Teilen von Inhalten der Website auf Social-Media-Plattformen.<\/p>\n\n\n\n<p><strong>Pr\u00e4ferenzen<\/strong>: Diese Cookies helfen uns, Ihre Einstellungen und Browsing-Pr\u00e4ferenzen, wie z. B. Spracheinstellungen, zu speichern, damit Sie bei zuk\u00fcnftigen Besuchen der Website ein besseres und effizienteres Erlebnis haben.<\/p>\n\n\n\n<p><\/p>\n\n\n\n<p><strong>Wie kann ich meine Cookie-Pr\u00e4ferenzen angeben?<\/strong><\/p>\n\n\n\n<p>Sollten Sie Ihre Einstellungen sp\u00e4ter \u00e4ndern wollen, k\u00f6nnen Sie auf Ihrem Bildschirm auf die Registerkarte &#8220;Datenschutz und Cookie-Richtlinie&#8221; klicken. Dadurch wird der Hinweis auf die Einwilligung erneut angezeigt, so dass Sie Ihre Einstellungen \u00e4ndern oder Ihre Einwilligung vollst\u00e4ndig widerrufen k\u00f6nnen.<\/p>\n\n\n\n<p>Dar\u00fcber hinaus bieten die verschiedenen Browser unterschiedliche Methoden zum Blockieren und L\u00f6schen von Cookies, die von Websites verwendet werden. Sie k\u00f6nnen die Einstellungen Ihres Browsers \u00e4ndern, um die Cookies zu blockieren\/l\u00f6schen. Weitere Informationen \u00fcber die Verwaltung und L\u00f6schung von Cookies finden Sie unter www.allaboutcookies.org.<\/p>\n\n\n\n<p><\/p>\n\n\n\n<h2 class=\"display-4 mt-4 pt-4 wp-block-heading\">Ort der Speicherung<\/h2>\n\n\n\n<p>Die von uns erhobenen Daten werden ausschlie\u00dflich auf Servern in der Europ\u00e4ischen Union gespeichert.<\/p>\n\n\n\n<h2 class=\"display-4 mt-4 pt-4 wp-block-heading\">Kontakt<\/h2>\n\n\n\n<p>Wenn Sie sich mit uns in Verbindung setzen m\u00f6chten, um Fragen im Zusammenhang mit Ihren personenbezogenen Daten zu stellen, nutzen Sie bitte eine der folgenden Kontaktm\u00f6glichkeiten:<\/p>\n\n\n\n<p><strong>Femtec GmbH<\/strong><br>c\/o Technische Universit\u00e4t Berlin<br>Stra\u00dfe des 17. Juni 135<br>10623 Berlin<\/p>\n\n\n\n<p>Tel: <a href=\"tel:+493031426920\">+49 30 314-26920<\/a><\/p>\n\n\n\n<p>E-Mail: <a href=\"mailto:info@femtec.org\">info@femtec.org<\/a><\/p>\n\n\n\n<p><\/p>\n\n\n\n<p class=\"small mt-4 pt-4\"><em>Stand: Januar 2022<\/em><\/p>\n","protected":false},"excerpt":{"rendered":"<p>Allgemeines Wir, die Femtec GmbHc\/o Technische Universit\u00e4t BerlinStra\u00dfe des 17. Juni 13510623 Berlin betreiben die Internetseiten unter www.femtec.org und verpflichten uns als verantwortliche Stelle, Ihre Daten zu sch\u00fctzen. Diese Erkl\u00e4rung soll Ihnen Auskunft \u00fcber die Erhebung, Speicherung, Verarbeitung und Nutzung Ihrer personenbezogenen Daten geben, die an uns im Rahmen der Nutzung unserer Website \u00fcbermittelt werden. [&hellip;]<\/p>\n","protected":false},"author":9,"featured_media":0,"parent":0,"menu_order":110,"comment_status":"closed","ping_status":"open","template":"","meta":{"footnotes":""},"class_list":["post-3","page","type-page","status-publish","hentry"],"_links":{"self":[{"href":"https:\/\/www.femtec.org\/wp-json\/wp\/v2\/pages\/3"}],"collection":[{"href":"https:\/\/www.femtec.org\/wp-json\/wp\/v2\/pages"}],"about":[{"href":"https:\/\/www.femtec.org\/wp-json\/wp\/v2\/types\/page"}],"author":[{"embeddable":true,"href":"https:\/\/www.femtec.org\/wp-json\/wp\/v2\/users\/9"}],"replies":[{"embeddable":true,"href":"https:\/\/www.femtec.org\/wp-json\/wp\/v2\/comments?post=3"}],"version-history":[{"count":27,"href":"https:\/\/www.femtec.org\/wp-json\/wp\/v2\/pages\/3\/revisions"}],"predecessor-version":[{"id":9454,"href":"https:\/\/www.femtec.org\/wp-json\/wp\/v2\/pages\/3\/revisions\/9454"}],"wp:attachment":[{"href":"https:\/\/www.femtec.org\/wp-json\/wp\/v2\/media?parent=3"}],"curies":[{"name":"wp","href":"https:\/\/api.w.org\/{rel}","templated":true}]}}