{"id":20,"date":"2019-09-07T21:33:50","date_gmt":"2019-09-07T19:33:50","guid":{"rendered":"http:\/\/192.168.100.99\/?page_id=20"},"modified":"2021-11-11T12:19:30","modified_gmt":"2021-11-11T11:19:30","slug":"impressum","status":"publish","type":"page","link":"https:\/\/www.femtec.org\/impressum\/","title":{"rendered":"Impressum"},"content":{"rendered":"\n<p><strong>Femtec GmbH<\/strong> <br>c\/o Technische Universit\u00e4t Berlin <br>Stra\u00dfe des 17. Juni 135 <br>10623 Berlin <\/p>\n\n\n\n<p>Tel: +49 30 314-26920<br>Fax: +49 30 314-73398<br>E-Mail: <a href=\"mailto:info@femtec.org\">info@femtec.org<\/a><\/p>\n\n\n\n<p>Gesch\u00e4ftsf\u00fchrung: Marion Ze\u00dfner<\/p>\n\n\n\n<p><strong>Registergericht:<\/strong><br>Amtsgericht Charlottenburg<\/p>\n\n\n\n<p><strong>Registernummer:<\/strong><br>HRB 79800 <\/p>\n\n\n\n<p><strong>Umsatzsteuer-Identifikationsnummer: <\/strong><br>USt.-IdNr.: DE214850126 <\/p>\n\n\n\n<p><\/p>\n\n\n\n<p><strong>Bildnachweise:<\/strong><br>Femtec GmbH<\/p>\n","protected":false},"excerpt":{"rendered":"<p>Femtec GmbH c\/o Technische Universit\u00e4t Berlin Stra\u00dfe des 17. Juni 135 10623 Berlin Tel: +49 30 314-26920Fax: +49 30 314-73398E-Mail: info@femtec.org Gesch\u00e4ftsf\u00fchrung: Marion Ze\u00dfner Registergericht:Amtsgericht Charlottenburg Registernummer:HRB 79800 Umsatzsteuer-Identifikationsnummer: USt.-IdNr.: DE214850126 Bildnachweise:Femtec GmbH<\/p>\n","protected":false},"author":9,"featured_media":0,"parent":0,"menu_order":100,"comment_status":"closed","ping_status":"closed","template":"","meta":{"footnotes":""},"class_list":["post-20","page","type-page","status-publish","hentry"],"_links":{"self":[{"href":"https:\/\/www.femtec.org\/wp-json\/wp\/v2\/pages\/20"}],"collection":[{"href":"https:\/\/www.femtec.org\/wp-json\/wp\/v2\/pages"}],"about":[{"href":"https:\/\/www.femtec.org\/wp-json\/wp\/v2\/types\/page"}],"author":[{"embeddable":true,"href":"https:\/\/www.femtec.org\/wp-json\/wp\/v2\/users\/9"}],"replies":[{"embeddable":true,"href":"https:\/\/www.femtec.org\/wp-json\/wp\/v2\/comments?post=20"}],"version-history":[{"count":7,"href":"https:\/\/www.femtec.org\/wp-json\/wp\/v2\/pages\/20\/revisions"}],"predecessor-version":[{"id":9255,"href":"https:\/\/www.femtec.org\/wp-json\/wp\/v2\/pages\/20\/revisions\/9255"}],"wp:attachment":[{"href":"https:\/\/www.femtec.org\/wp-json\/wp\/v2\/media?parent=20"}],"curies":[{"name":"wp","href":"https:\/\/api.w.org\/{rel}","templated":true}]}}