{"id":14503,"date":"2024-06-17T14:46:43","date_gmt":"2024-06-17T12:46:43","guid":{"rendered":"https:\/\/next.femtec.org\/?page_id=14503"},"modified":"2025-07-01T10:27:13","modified_gmt":"2025-07-01T08:27:13","slug":"imprint","status":"publish","type":"page","link":"https:\/\/www.femtec.org\/imprint\/","title":{"rendered":"Imprint"},"content":{"rendered":"<h1>\n<h2 class=\"display-2\">Impressum<\/h2>\n<\/h1>\n<div>\n<div class=\"entry-content\">\n<p><strong>Femtec GmbH<\/strong> <br \/>c\/o Technische Universit\u00e4t Berlin <br \/>Stra\u00dfe des 17. Juni 135 <br \/>10623 Berlin<\/p>\n<p>Tel: +49 30 314-26920<br \/>E-Mail: <a href=\"mailto:info@femtec.org\">info@femtec.org<\/a><\/p>\n<p>Gesch\u00e4ftsf\u00fchrung: Marion Ze\u00dfner<\/p>\n<p><strong>Registergericht:<\/strong><br \/>Amtsgericht Charlottenburg<\/p>\n<p><strong>Registernummer:<\/strong><br \/>HRB 79800<\/p>\n<p><strong>Umsatzsteuer-Identifikationsnummer: <\/strong><br \/>USt.-IdNr.: DE214850126<\/p>\n<p><strong>Bildnachweise:<\/strong><br \/>Femtec GmbH<\/p>\n<\/div>\n<\/div>\n<p><!--more--><br \/>\n<!-- {\"type\":\"layout\",\"children\":[{\"type\":\"section\",\"props\":{\"image_position\":\"center-center\",\"style\":\"default\",\"title_breakpoint\":\"xl\",\"title_position\":\"top-left\",\"title_rotation\":\"left\",\"vertical_align\":\"middle\",\"width\":\"default\"},\"children\":[{\"type\":\"row\",\"children\":[{\"type\":\"column\",\"props\":{\"image_position\":\"center-center\",\"position_sticky_breakpoint\":\"m\"},\"children\":[{\"type\":\"headline\",\"props\":{\"content\":\"\n\n<h2 class=\\\"display-2\\\">Impressum<\\\/h2>\",\"content_en_us\":\"\n\n<h1 class=\\\"display-2\\\">Imprint<\\\/h1>\",\"title_element\":\"h1\"}},{\"type\":\"text\",\"props\":{\"column_breakpoint\":\"m\",\"content\":\"\n\n<div class=\\\"entry-content\\\">\\n\n\n<p><strong>Femtec GmbH<\\\/strong> <br \\\/>c\\\/o Technische Universit\\u00e4t Berlin <br \\\/>Stra\\u00dfe des 17. Juni 135 <br \\\/>10623 Berlin<\\\/p>\\n\n\n<p>Tel: +49 30 314-26920<br \\\/>E-Mail: <a href=\\\"mailto:info@femtec.org\\\">info@femtec.org<\\\/a><\\\/p>\\n\n\n<p>Gesch\\u00e4ftsf\\u00fchrung: Marion Ze\\u00dfner<\\\/p>\\n\n\n<p><strong>Registergericht:<\\\/strong><br \\\/>Amtsgericht Charlottenburg<\\\/p>\\n\n\n<p><strong>Registernummer:<\\\/strong><br \\\/>HRB 79800<\\\/p>\\n\n\n<p><strong>Umsatzsteuer-Identifikationsnummer: <\\\/strong><br \\\/>USt.-IdNr.: DE214850126<\\\/p>\\n\n\n<p><strong>Bildnachweise:<\\\/strong><br \\\/>Femtec GmbH<\\\/p>\\n<\\\/div>\",\"content_en_us\":\"\n\n<div class=\\\"entry-content\\\">\\n\n\n<p><strong>Femtec GmbH<\\\/strong> <br \\\/>c\\\/o Technische Universit\\u00e4t Berlin <br \\\/>Stra\\u00dfe des 17. Juni 135 <br \\\/>10623 Berlin<\\\/p>\\n\n\n<p>Tel: +49 30 314-26920<br \\\/>Fax: +49 30 314-73398<br \\\/>E-Mail: <a href=\\\"mailto:info@femtec.org\\\">info@femtec.org<\\\/a><\\\/p>\\n\n\n<p>Management: Marion Ze\\u00dfner<\\\/p>\\n\n\n<p><strong>Registry court: <\\\/strong><br \\\/>Amtsgericht Charlottenburg<\\\/p>\\n\n\n<p><strong>Register number: <\\\/strong><br \\\/>HRB 79800<\\\/p>\\n\n\n<p><strong>Value Added Tax Identification Number: <\\\/strong><br \\\/>USt.-IdNr.: DE214850126<\\\/p>\\n\n\n<p><strong>Photo credits: <\\\/strong><br \\\/>Femtec GmbH<\\\/p>\\n<\\\/div>\",\"margin\":\"default\"}}]}]}]}],\"version\":\"4.3.13\"} --><\/p>\n","protected":false},"excerpt":{"rendered":"<p>Impressum Femtec GmbH c\/o Technische Universit\u00e4t Berlin Stra\u00dfe des 17. Juni 135 10623 Berlin Tel: +49 30 314-26920E-Mail: info@femtec.org Gesch\u00e4ftsf\u00fchrung: Marion Ze\u00dfner Registergericht:Amtsgericht Charlottenburg Registernummer:HRB 79800 Umsatzsteuer-Identifikationsnummer: USt.-IdNr.: DE214850126 Bildnachweise:Femtec GmbH<\/p>\n","protected":false},"author":15,"featured_media":0,"parent":0,"menu_order":0,"comment_status":"closed","ping_status":"closed","template":"","meta":{"footnotes":""},"class_list":["post-14503","page","type-page","status-publish","hentry"],"_links":{"self":[{"href":"https:\/\/www.femtec.org\/wp-json\/wp\/v2\/pages\/14503"}],"collection":[{"href":"https:\/\/www.femtec.org\/wp-json\/wp\/v2\/pages"}],"about":[{"href":"https:\/\/www.femtec.org\/wp-json\/wp\/v2\/types\/page"}],"author":[{"embeddable":true,"href":"https:\/\/www.femtec.org\/wp-json\/wp\/v2\/users\/15"}],"replies":[{"embeddable":true,"href":"https:\/\/www.femtec.org\/wp-json\/wp\/v2\/comments?post=14503"}],"version-history":[{"count":4,"href":"https:\/\/www.femtec.org\/wp-json\/wp\/v2\/pages\/14503\/revisions"}],"predecessor-version":[{"id":16061,"href":"https:\/\/www.femtec.org\/wp-json\/wp\/v2\/pages\/14503\/revisions\/16061"}],"wp:attachment":[{"href":"https:\/\/www.femtec.org\/wp-json\/wp\/v2\/media?parent=14503"}],"curies":[{"name":"wp","href":"https:\/\/api.w.org\/{rel}","templated":true}]}}