{"id":12409,"date":"2024-06-07T12:42:38","date_gmt":"2024-06-07T10:42:38","guid":{"rendered":"https:\/\/next.femtec.org\/?page_id=12409"},"modified":"2024-10-21T11:21:23","modified_gmt":"2024-10-21T09:21:23","slug":"universities","status":"publish","type":"page","link":"https:\/\/www.femtec.org\/universities\/","title":{"rendered":"Interessierte Hochschulen"},"content":{"rendered":"<p><img decoding=\"async\" src=\"\/wp-content\/uploads\/2024\/07\/Header_Hochschulen5.png\" alt=\"\"><\/p>\n<h1>\n<h2 style=\"text-align: center;\">F\u00fcr Hochschulen &amp; Universit\u00e4ten!<\/h2>\n<\/h1>\n<div>\n<p>Sie wollen Teil eines innovativen Netzwerks an der Schnittstelle zwischen Wissenschaft und Wirtschaft werden? Ist der MINT-Bereich Teil Ihrer Chancengleichheits- und Gleichstellungsstrategie? Sie wollen Ihren Studentinnen der MINT-F\u00e4cher ein wertvolles Stipendien-Programm mit nachhaltigen Impulsen zur Pers\u00f6nlichkeits- und Karriereentwicklung sowie zahlreichen Kontakten und vielf\u00e4ltigen Karriereoptionen in Industrie und Wissenschaft anbieten?<\/p>\n<p>Durch die Partnerschaft im Femtec Network im Rahmen des <a href=\"https:\/\/my.career-building.org\/programme\/\">Career-Building Programmes<\/a> oder von <a href=\"https:\/\/my.career-building.org\/elements\/\">Career-Building Elements<\/a> vernetzen wir Sie mit anderen f\u00fchrenden technischen Universit\u00e4ten oder Hochschulen, Technologie-Unternehmen und Forschungsinstituten sowie einem Pool an mehr als 1.600 Femtec Alumnae!<\/p>\n<p>Werden Sie Teil unseres Netzwerks. Einzeln brillant \u2013 zusammen stark!<\/p>\n<\/div>\n<hr>\n<h1>\n<h2>Ihre Benefits<\/h2>\n<\/h1>\n<div>\n<ul>\n<li>Angebot eines studienbegleitenden Stipendien-Programms f\u00fcr MINT-Studentinnen aller Partnerhochschulen, welches ihnen u.a. \u00fcber Kontakte zu Industrieunternehmen ein wertvolles Karriere-Netzwerk sowie zahlreiche Impulse zur Karriereentwicklung bietet\n<\/li>\n<li>Kontakt zu weiblichen MINT-Talenten mit sehr guten Studienleistungen auch au\u00dferhalb Ihrer Universit\u00e4t\/ Hochschule, um Ihre attraktiven Promotionsangebote zu teilen\n<\/li>\n<li>Kontakt und Austausch mit f\u00fchrenden technischen Universit\u00e4ten oder Hochschulen sowie Industrieunternehmen zu MINT-Karrieren an der Schnittstelle zwischen Wissenschaft und Wirtschaft<\/li>\n<\/ul>\n<\/div>\n<hr>\n<div>\n<h5><strong>Sie wollen mehr erfahren? \u2013 Kontaktieren Sie uns<\/strong><\/h5>\n<p><strong>Marion Ze\u00dfner<\/strong><\/p>\n<p><a href=\"mailto:Marion.Zessner@femtec.org\">Marion.Zessner@femtec.org<\/a><\/p>\n<p>+49 1590 411 3457<\/p>\n<\/div>\n<div>\n<p>        <img decoding=\"async\" src=\"\/wp-content\/uploads\/2024\/04\/Marion_Zessner_1.png\" alt=\"\"><\/p>\n<p>        <img decoding=\"async\" src=\"\/wp-content\/uploads\/2024\/05\/Marion_Zessner_2.png\" alt><\/p>\n<\/div>\n<p><!--more--><br \/>\n<!-- {\"type\":\"layout\",\"children\":[{\"type\":\"section\",\"props\":{\"image_position\":\"center-center\",\"style\":\"default\",\"title_breakpoint\":\"xl\",\"title_position\":\"top-left\",\"title_rotation\":\"left\",\"vertical_align\":\"middle\",\"width\":\"default\"},\"children\":[{\"type\":\"row\",\"children\":[{\"type\":\"column\",\"props\":{\"image_position\":\"center-center\",\"position_sticky_breakpoint\":\"m\"},\"children\":[{\"type\":\"image\",\"props\":{\"image\":\"wp-content\\\/uploads\\\/2024\\\/07\\\/Header_Hochschulen5.png\",\"image_en_us\":\"wp-content\\\/uploads\\\/2024\\\/07\\\/Header_Hochschulen6.png\",\"image_svg_color\":\"emphasis\",\"margin\":\"default\"}}]}]}]},{\"type\":\"section\",\"props\":{\"image_position\":\"center-center\",\"padding_remove_top\":true,\"style\":\"default\",\"title_breakpoint\":\"xl\",\"title_position\":\"top-left\",\"title_rotation\":\"left\",\"vertical_align\":\"middle\",\"width\":\"default\"},\"children\":[{\"type\":\"row\",\"children\":[{\"type\":\"column\",\"props\":{\"image_position\":\"center-center\",\"position_sticky_breakpoint\":\"m\"},\"children\":[{\"type\":\"headline\",\"props\":{\"content\":\"\n\n<h2 style=\\\"text-align: center;\\\">F\\u00fcr Hochschulen &amp; Universit\\u00e4ten!<\\\/h2>\",\"content_en_us\":\"\n\n<h2>For Universities <\\\/h2>\",\"title_element\":\"h1\"}},{\"type\":\"text\",\"props\":{\"column_breakpoint\":\"m\",\"content\":\"\n\n<p>Sie wollen Teil eines innovativen Netzwerks an der Schnittstelle zwischen Wissenschaft und Wirtschaft werden? Ist der MINT-Bereich Teil Ihrer Chancengleichheits- und Gleichstellungsstrategie? Sie wollen Ihren Studentinnen der MINT-F\\u00e4cher ein wertvolles Stipendien-Programm mit nachhaltigen Impulsen zur Pers\\u00f6nlichkeits- und Karriereentwicklung sowie zahlreichen Kontakten und vielf\\u00e4ltigen Karriereoptionen in Industrie und Wissenschaft anbieten?<\\\/p>\\n\n\n<p>Durch die Partnerschaft im Femtec Network im Rahmen des <a href=\\\"https:\\\/\\\/my.career-building.org\\\/programme\\\/\\\">Career-Building Programmes<\\\/a> oder von <a href=\\\"https:\\\/\\\/my.career-building.org\\\/elements\\\/\\\">Career-Building Elements<\\\/a> vernetzen wir Sie mit anderen f\\u00fchrenden technischen Universit\\u00e4ten oder Hochschulen, Technologie-Unternehmen und Forschungsinstituten sowie einem Pool an mehr als 1.600 Femtec Alumnae!<\\\/p>\\n\n\n<p>Werden Sie Teil unseres Netzwerks. Einzeln brillant \\u2013 zusammen stark!<\\\/p>\",\"content_en_us\":\"\n\n<p>Would you like to be part of an innovative network at the interface between science and industry? Is the STEM field part of your equal opportunities and gender equality? Do you want to offer your female STEM students a valuable scholarship programme that provides sustainable impulses for personal and career development, numerous contacts, and diverse career options in industry and academia?<br \\\/><br \\\/>Through a partnership with the Femtec Network, as part of the <a href=\\\"https:\\\/\\\/my.career-building.org\\\/en\\\/programme\\\/\\\">Career-Building Programme<\\\/a> or <a href=\\\"https:\\\/\\\/my.career-building.org\\\/en\\\/elements\\\/\\\">Career-Building Elements<\\\/a>, we connect you with other leading technical universities and colleges, technology companies, and research institutes, as well as a pool of over 1,600 Femtec alumnae!<br \\\/><br \\\/>Become a part of our network. Strong alone \\u2013 powerful together.<\\\/p>\",\"margin\":\"default\"}}]}]}]},{\"type\":\"section\",\"props\":{\"image\":\"wp-content\\\/uploads\\\/2024\\\/05\\\/Hintergrund18.png\",\"image_position\":\"center-center\",\"padding_remove_bottom\":true,\"padding_remove_top\":true,\"style\":\"default\",\"title_breakpoint\":\"xl\",\"title_position\":\"top-left\",\"title_rotation\":\"left\",\"vertical_align\":\"middle\",\"width\":\"default\"},\"children\":[{\"type\":\"row\",\"children\":[{\"type\":\"column\",\"props\":{\"image_position\":\"center-center\",\"position_sticky_breakpoint\":\"m\"},\"children\":[{\"type\":\"divider\",\"props\":{\"divider_element\":\"hr\",\"margin_remove_bottom\":true}},{\"type\":\"headline\",\"props\":{\"content\":\"\n\n<h2>Ihre Benefits<\\\/h2>\",\"content_en_us\":\"\n\n<h2>Advancing STEM Collaboration<\\\/h2>\",\"margin_remove_top\":true,\"title_element\":\"h1\"}},{\"type\":\"text\",\"props\":{\"column_breakpoint\":\"m\",\"content\":\"\n\n<ul>\\n\n\n<li>Angebot eines studienbegleitenden Stipendien-Programms f\\u00fcr MINT-Studentinnen aller Partnerhochschulen, welches ihnen u.a. \\u00fcber Kontakte zu Industrieunternehmen ein wertvolles Karriere-Netzwerk sowie zahlreiche Impulse zur Karriereentwicklung bietet<br \\\/><br \\\/><\\\/li>\\n\n\n<li>Kontakt zu weiblichen MINT-Talenten mit sehr guten Studienleistungen auch au\\u00dferhalb Ihrer Universit\\u00e4t\\\/ Hochschule, um Ihre attraktiven Promotionsangebote zu teilen<br \\\/><br \\\/><\\\/li>\\n\n\n<li>Kontakt und Austausch mit f\\u00fchrenden technischen Universit\\u00e4ten oder Hochschulen sowie Industrieunternehmen zu MINT-Karrieren an der Schnittstelle zwischen Wissenschaft und Wirtschaft<\\\/li>\\n<\\\/ul>\\n\n\n<p><\\\/p>\",\"content_en_us\":\"\n\n<ul>\\n\n\n<li>The Femtec Network collaboration offers a programme for your female STEM students at the outset of their master's studies. This program provides a valuable career network and numerous opportunities for career development through connections with industry companies.<br \\\/><br \\\/><\\\/li>\\n\n\n<li>It brings access to female STEM talents from other universities to share your attractive PhD opportunities.<br \\\/><br \\\/><\\\/li>\\n\n\n<li>It also encourages engagement and collaboration with leading technical universities, colleges, and industry companies on STEM careers at the intersection of science and industry.<\\\/li>\\n<\\\/ul>\",\"margin\":\"default\"}},{\"type\":\"divider\",\"props\":{\"divider_element\":\"hr\",\"margin\":\"medium\",\"margin_remove_bottom\":false}}]}]}]},{\"type\":\"section\",\"props\":{\"image_position\":\"center-center\",\"style\":\"default\",\"title_breakpoint\":\"xl\",\"title_position\":\"top-left\",\"title_rotation\":\"left\",\"vertical_align\":\"middle\",\"width\":\"default\"},\"children\":[{\"type\":\"row\",\"props\":{\"layout\":\"1-3,1-3,1-3\"},\"children\":[{\"type\":\"column\",\"props\":{\"image_position\":\"center-center\",\"position_sticky_breakpoint\":\"m\",\"width_medium\":\"1-3\"},\"children\":[{\"type\":\"totop\",\"props\":{\"margin\":\"default\",\"title_grid_column_gap\":\"small\",\"title_grid_row_gap\":\"small\"}}]},{\"type\":\"column\",\"props\":{\"image_position\":\"center-center\",\"position_sticky_breakpoint\":\"m\",\"width_medium\":\"1-3\"},\"children\":[{\"type\":\"text\",\"props\":{\"column_breakpoint\":\"m\",\"content\":\"\n\n<h5><strong>Sie wollen mehr erfahren? \\u2013 Kontaktieren Sie uns<\\\/strong><\\\/h5>\\n\n\n<p><strong>Marion Ze\\u00dfner<\\\/strong><\\\/p>\\n\n\n<p><a href=\\\"mailto:Marion.Zessner@femtec.org\\\">Marion.Zessner@femtec.org<\\\/a><\\\/p>\\n\n\n<p>+49 1590 411 3457<\\\/p>\",\"content_en_us\":\"\n\n<h2>Partner Up!<\\\/h2>\\n\n\n<p><strong>Marion Ze\\u00dfner<\\\/strong><\\\/p>\\n\n\n<p><a href=\\\"mailto:Marion.Zessner@femtec.org\\\">Marion.Zessner@femtec.org<\\\/a><\\\/p>\\n\n\n<p>+49 1590 411 3457<\\\/p>\",\"margin\":\"default\"}}]},{\"type\":\"column\",\"props\":{\"image_position\":\"center-center\",\"position_sticky_breakpoint\":\"m\",\"width_medium\":\"1-3\"},\"children\":[{\"type\":\"overlay\",\"props\":{\"hover_image\":\"wp-content\\\/uploads\\\/2024\\\/05\\\/Marion_Zessner_2.png\",\"image\":\"wp-content\\\/uploads\\\/2024\\\/04\\\/Marion_Zessner_1.png\",\"link_style\":\"default\",\"link_text\":\"Read more\",\"margin\":\"default\",\"meta_align\":\"below-title\",\"meta_element\":\"div\",\"meta_style\":\"text-meta\",\"overlay_hover\":true,\"overlay_mode\":\"cover\",\"overlay_position\":\"center\",\"overlay_style\":\"\",\"overlay_transition\":\"fade\",\"text_align\":\"center\",\"text_color\":\"light\",\"title_element\":\"h3\",\"title_hover_style\":\"reset\"}}]}]}]}],\"version\":\"4.3.13\"} --><\/p>\n","protected":false},"excerpt":{"rendered":"<p>F\u00fcr Hochschulen &amp; Universit\u00e4ten! Sie wollen Teil eines innovativen Netzwerks an der Schnittstelle zwischen Wissenschaft und Wirtschaft werden? Ist der MINT-Bereich Teil Ihrer Chancengleichheits- und Gleichstellungsstrategie? Sie wollen Ihren Studentinnen der MINT-F\u00e4cher ein wertvolles Stipendien-Programm mit nachhaltigen Impulsen zur Pers\u00f6nlichkeits- und Karriereentwicklung sowie zahlreichen Kontakten und vielf\u00e4ltigen Karriereoptionen in Industrie und Wissenschaft anbieten? Durch die [&hellip;]<\/p>\n","protected":false},"author":15,"featured_media":0,"parent":0,"menu_order":0,"comment_status":"closed","ping_status":"closed","template":"","meta":{"footnotes":""},"class_list":["post-12409","page","type-page","status-publish","hentry"],"_links":{"self":[{"href":"https:\/\/www.femtec.org\/wp-json\/wp\/v2\/pages\/12409"}],"collection":[{"href":"https:\/\/www.femtec.org\/wp-json\/wp\/v2\/pages"}],"about":[{"href":"https:\/\/www.femtec.org\/wp-json\/wp\/v2\/types\/page"}],"author":[{"embeddable":true,"href":"https:\/\/www.femtec.org\/wp-json\/wp\/v2\/users\/15"}],"replies":[{"embeddable":true,"href":"https:\/\/www.femtec.org\/wp-json\/wp\/v2\/comments?post=12409"}],"version-history":[{"count":27,"href":"https:\/\/www.femtec.org\/wp-json\/wp\/v2\/pages\/12409\/revisions"}],"predecessor-version":[{"id":15900,"href":"https:\/\/www.femtec.org\/wp-json\/wp\/v2\/pages\/12409\/revisions\/15900"}],"wp:attachment":[{"href":"https:\/\/www.femtec.org\/wp-json\/wp\/v2\/media?parent=12409"}],"curies":[{"name":"wp","href":"https:\/\/api.w.org\/{rel}","templated":true}]}}