{"id":11721,"date":"2024-01-30T15:11:16","date_gmt":"2024-01-30T14:11:16","guid":{"rendered":"https:\/\/next.femtec.org\/?page_id=11721"},"modified":"2024-10-21T11:16:09","modified_gmt":"2024-10-21T09:16:09","slug":"career-coaching","status":"publish","type":"page","link":"https:\/\/www.femtec.org\/career-coaching\/","title":{"rendered":"Karriere-Coaching"},"content":{"rendered":"<p><img decoding=\"async\" src=\"\/wp-content\/uploads\/2024\/06\/Banner_Coaching.png\" alt=\"\"><\/p>\n<hr>\n<h1>\n<h2>Karriere-Coaching<\/h2>\n<\/h1>\n<div>\n<div class=\"femtec_content_excerpt\">\n<p>Karriere entsteht aus den Entscheidungen, die wir treffen, und ist gleichzeitig den Unw\u00e4gbarkeiten des Lebens ausgesetzt. Sie verl\u00e4uft selten durchg\u00e4ngig und glatt, sondern nimmt Umwege, stagniert und hebt wieder ab. Holen dir Schwung und starte durch, wir begleiten dich dabei!<\/p>\n<\/div>\n<div class=\"femtec_content_full\">\n<p><strong>Wir geben dir den Raum,<\/strong><\/p>\n<ul>\n<li>dich professionell und konzentriert mit deiner Karriere und deinen Ver\u00e4nderungsw\u00fcnschen auseinanderzusetzen,<\/li>\n<li>die Werte und Bed\u00fcrfnisse, die dich leiten, zu analysieren,<\/li>\n<li>dein St\u00e4rkenprofil herauszuarbeiten und zu sch\u00e4rfen<\/li>\n<li>und daraus eine individuelle Karrierestrategie zu entwickeln.<\/li>\n<\/ul>\n<p><strong>Formate:<br \/><\/strong><\/p>\n<ul>\n<li>Du kannst eine <strong>Einzelsitzung<\/strong> buchen (1,5 h), um eine spezifische Fragestellung zu bearbeiten. Dies wird zum Beispiel gerne f\u00fcr die Vorbereitung eines Bewerbungsgespr\u00e4chs genutzt oder zur Entscheidungsfindung bei mehreren Optionen.<\/li>\n<li>Oder du suchst grunds\u00e4tzlich eine (Neu-)<strong>Orientierung<\/strong>, wof\u00fcr du ca. 3 \u2013 4 Sitzungen \u00e0 1,5 h ben\u00f6tigst.<\/li>\n<li>Preise auf Anfrage, Femtec Alumnae erhalten verg\u00fcnstigte Konditionen.<\/li>\n<\/ul>\n<\/div>\n<\/div>\n<hr>\n<h1>\n<h2>Melde dich!<\/h2>\n<\/h1>\n<div>\n<h5><strong>Sarah R\u00fcger<\/strong><\/h5>\n<p><a href=\"mailto:info@femtec.org\">info@femtec.org<\/a><\/p>\n<\/p>\n<\/div>\n<div>\n<p>        <img decoding=\"async\" src=\"\/wp-content\/uploads\/2024\/04\/Sarah_Ruger_11-1.png\" alt=\"\"><\/p>\n<p>        <img decoding=\"async\" src=\"\/wp-content\/uploads\/2024\/04\/Sarah_Ruger_2.png\" alt><\/p>\n<\/div>\n<p><!--more--><br \/>\n<!-- {\"type\":\"layout\",\"children\":[{\"type\":\"section\",\"props\":{\"image_position\":\"center-center\",\"padding_remove_bottom\":true,\"style\":\"default\",\"title_breakpoint\":\"xl\",\"title_position\":\"top-left\",\"title_rotation\":\"left\",\"vertical_align\":\"middle\",\"width\":\"default\"},\"children\":[{\"type\":\"row\",\"children\":[{\"type\":\"column\",\"props\":{\"image_position\":\"center-center\",\"position_sticky_breakpoint\":\"m\"},\"children\":[{\"type\":\"image\",\"props\":{\"image\":\"wp-content\\\/uploads\\\/2024\\\/06\\\/Banner_Coaching.png\",\"image_en_us\":\"wp-content\\\/uploads\\\/2024\\\/07\\\/Banner_Coaching_en1.png\",\"image_svg_color\":\"emphasis\",\"margin\":\"default\"}}]}]}]},{\"type\":\"section\",\"props\":{\"image_position\":\"center-center\",\"padding_remove_bottom\":true,\"padding_remove_top\":false,\"style\":\"default\",\"title_breakpoint\":\"xl\",\"title_position\":\"top-left\",\"title_rotation\":\"left\",\"vertical_align\":\"middle\",\"width\":\"default\"},\"children\":[{\"type\":\"row\",\"children\":[{\"type\":\"column\",\"props\":{\"image_position\":\"center-center\",\"position_sticky_breakpoint\":\"m\"},\"children\":[{\"type\":\"divider\",\"props\":{\"divider_element\":\"hr\"}},{\"type\":\"headline\",\"props\":{\"content\":\"\n\n<h2>Karriere-Coaching<\\\/h2>\",\"content_en_us\":\"\n\n<h2>Career coaching<\\\/h2>\",\"margin_remove_top\":true,\"title_element\":\"h1\"}},{\"type\":\"text\",\"props\":{\"column_breakpoint\":\"m\",\"content\":\"\n\n<div class=\\\"femtec_content_excerpt\\\">\\n\n\n<p>Karriere entsteht aus den Entscheidungen, die wir treffen, und ist gleichzeitig den Unw\\u00e4gbarkeiten des Lebens ausgesetzt. Sie verl\\u00e4uft selten durchg\\u00e4ngig und glatt, sondern nimmt Umwege, stagniert und hebt wieder ab. Holen dir Schwung und starte durch, wir begleiten dich dabei!<\\\/p>\\n<\\\/div>\\n\n\n<div class=\\\"femtec_content_full\\\">\\n\n\n<p><strong>Wir geben dir den Raum,<\\\/strong><\\\/p>\\n\n\n<ul>\\n\n\n<li>dich professionell und konzentriert mit deiner Karriere und deinen Ver\\u00e4nderungsw\\u00fcnschen auseinanderzusetzen,<\\\/li>\\n\n\n<li>die Werte und Bed\\u00fcrfnisse, die dich leiten, zu analysieren,<\\\/li>\\n\n\n<li>dein St\\u00e4rkenprofil herauszuarbeiten und zu sch\\u00e4rfen<\\\/li>\\n\n\n<li>und daraus eine individuelle Karrierestrategie zu entwickeln.<\\\/li>\\n<\\\/ul>\\n\n\n<p><strong>Formate:<br \\\/><\\\/strong><\\\/p>\\n\n\n<ul>\\n\n\n<li>Du kannst eine <strong>Einzelsitzung<\\\/strong> buchen (1,5 h), um eine spezifische Fragestellung zu bearbeiten. Dies wird zum Beispiel gerne f\\u00fcr die Vorbereitung eines Bewerbungsgespr\\u00e4chs genutzt oder zur Entscheidungsfindung bei mehreren Optionen.<\\\/li>\\n\n\n<li>Oder du suchst grunds\\u00e4tzlich eine (Neu-)<strong>Orientierung<\\\/strong>, wof\\u00fcr du ca. 3 \\u2013 4 Sitzungen \\u00e0 1,5 h ben\\u00f6tigst.<\\\/li>\\n\n\n<li>Preise auf Anfrage, Femtec Alumnae erhalten verg\\u00fcnstigte Konditionen.<\\\/li>\\n<\\\/ul>\\n<\\\/div>\",\"content_en_us\":\"\n\n<div class=\\\"femtec_content_excerpt\\\">\\n\n\n<p>Our career arises from the choices we make and at the same time it is exposed to life\\u2019s intangibles. It seldom runs continuously and smoothly, but takes detours, stagnates and takes off again. Gain momentum and get started, we will accompany you.<\\\/p>\\n<\\\/div>\\n\n\n<div class=\\\"femtec_content_full\\\">\\n\n\n<p><strong>We give you the space<\\\/strong><\\\/p>\\n\n\n<ul>\\n\n\n<li>to deal with your career and your desires for change in a professional and focused way,<\\\/li>\\n\n\n<li>to analyse the values and needs that guide you,<\\\/li>\\n\n\n<li>to sharpen your profile,<\\\/li>\\n\n\n<li>and develop an individual career strategy from this.<\\\/li>\\n<\\\/ul>\\n\n\n<p><\\\/p>\\n\n\n<p><strong>Formats:<\\\/strong><\\\/p>\\n\n\n<ul>\\n\n\n<li>You can book a single session (1.5 h) to work on a specific question. This can be used, for example, to prepare for a job interview or to make a decision on several options.<\\\/li>\\n\n\n<li>Or if you are looking for a (new) orientation you need approx. 3 \\u2013 4 sessions of 1.5 hours each.<\\\/li>\\n\n\n<li>Prices on request, Femtec Alumnae obtain discounted conditions.<\\\/li>\\n<\\\/ul>\\n<\\\/div>\",\"margin\":\"default\"}},{\"type\":\"divider\",\"props\":{\"divider_element\":\"hr\"}}]}]}]},{\"type\":\"section\",\"props\":{\"image\":\"wp-content\\\/uploads\\\/2024\\\/05\\\/Hintergrund18.png\",\"image_position\":\"center-center\",\"padding_remove_bottom\":false,\"padding_remove_horizontal\":false,\"padding_remove_top\":true,\"status\":\"disabled\",\"style\":\"default\",\"title_breakpoint\":\"xl\",\"title_position\":\"top-left\",\"title_rotation\":\"left\",\"vertical_align\":\"middle\",\"width\":\"small\"},\"children\":[{\"type\":\"row\",\"children\":[{\"type\":\"column\",\"props\":{\"image_position\":\"center-center\",\"position_sticky_breakpoint\":\"m\"},\"children\":[{\"type\":\"headline\",\"props\":{\"content\":\"<br \\\/>Erfahrungen\",\"content_en_us\":\"<br \\\/>Experiences\",\"title_element\":\"h1\"}},{\"type\":\"slideshow\",\"props\":{\"container_padding_remove\":false,\"link_style\":\"default\",\"link_text\":\"Read more\",\"margin\":\"default\",\"meta_align\":\"below-title\",\"meta_element\":\"div\",\"meta_style\":\"\",\"nav\":\"dotnav\",\"nav_align\":\"center\",\"nav_breakpoint\":\"s\",\"nav_position\":\"bottom-center\",\"nav_position_margin\":\"medium\",\"overlay_animation\":\"parallax\",\"overlay_position\":\"center-left\",\"show_content\":true,\"show_link\":true,\"show_meta\":true,\"show_thumbnail\":true,\"show_title\":true,\"slidenav\":\"\",\"slidenav_breakpoint\":\"s\",\"slidenav_margin\":\"medium\",\"slidenav_outside_breakpoint\":\"xl\",\"slideshow_autoplay\":true,\"slideshow_autoplay_pause\":true,\"slideshow_max_height\":\"550\",\"slideshow_min_height\":\"250\",\"slideshow_ratio\":\"15\",\"thumbnav_height\":\"75\",\"thumbnav_svg_color\":\"emphasis\",\"thumbnav_width\":\"100\",\"title_element\":\"h3\"},\"children\":[{\"type\":\"slideshow_item\",\"props\":{\"content\":\"\n\n<p>\\u201cNach meinem Abschluss, als ich kurz davor war, ein neues Kapitel in meinem Leben zu beginnen, war die Coaching-Sitzung von Femtec eine enorme Hilfe. Die Coachin stellte gezielte Fragen, die mir halfen, meine Gedanken zu sortieren und Unsicherheiten zu kl\\u00e4ren, w\\u00e4hrend ich mich auf den n\\u00e4chsten Lebensabschnitt vorbereitete. Ich bin \\u00fcberzeugt, dass das Coaching von Femtec jedem, der oder die vor wichtigen Entscheidungen steht, wertvolle Unterst\\u00fctzung bieten kann.\\u201d<\\\/p>\",\"content_en_us\":\"\n\n<p>\\\"After my graduation, as I was about to start a new chapter in my life, Femtec's coaching session was incredibly helpful. The coach asked targeted questions that helped me organize my thoughts and clear up uncertainties as I prepared for my next life phase. I am convinced that Femtec's coaching can provide valuable support to anyone facing important decisions.\\\"<\\\/p>\",\"image\":\"wp-content\\\/uploads\\\/2024\\\/06\\\/Homepage_Banner17.png\",\"title\":\"Elene, Human Factors Engineering\"}},{\"type\":\"slideshow_item\",\"props\":{\"content\":\"\n\n<p style=\\\"text-align: left;\\\">\\\"Das Coaching erm\\u00f6glichte mir die Auseinandersetzung vergangener Lernerfahrungen und Herausforderungen. Die Tiefe der Reflexion, die wir in so kurzer Zeit erreichten, \\u00fcberraschte mich positiv. Das Coaching war eine wertvolle Unterst\\u00fctzung in meiner aktuellen Lebensphase und hat mir mehr Vertrauen in meine Entscheidungen gegeben.\\\"<\\\/p>\",\"content_en_us\":\"\n\n<p>\\\"The coaching enabled me to reflect on past learning experiences and challenges. I was pleasantly surprised by the depth of reflection we achieved in such a short time. The coaching was a valuable support in my current phase of life and has given me more confidence in my decisions.\\\"<\\\/p>\",\"image\":\"wp-content\\\/uploads\\\/2024\\\/06\\\/Homepage_Banner17.png\",\"title\":\"Phaedra, Politics & Technology\"}}]}]}]}]},{\"type\":\"section\",\"props\":{\"image_position\":\"center-center\",\"style\":\"default\",\"title_breakpoint\":\"xl\",\"title_position\":\"top-left\",\"title_rotation\":\"left\",\"vertical_align\":\"middle\",\"width\":\"default\"},\"children\":[{\"type\":\"row\",\"children\":[{\"type\":\"column\",\"props\":{\"image_position\":\"center-center\",\"position_sticky_breakpoint\":\"m\"},\"children\":[{\"type\":\"fragment\",\"props\":{\"margin\":\"default\"},\"children\":[{\"type\":\"row\",\"props\":{\"layout\":\"1-3,1-3,1-3\"},\"children\":[{\"type\":\"column\",\"props\":{\"image_position\":\"center-center\",\"position_sticky_breakpoint\":\"m\",\"width_medium\":\"1-3\"},\"children\":[{\"type\":\"totop\",\"props\":{\"margin\":\"default\",\"title_grid_column_gap\":\"small\",\"title_grid_row_gap\":\"small\"}}]},{\"type\":\"column\",\"props\":{\"image_position\":\"center-center\",\"position_sticky_breakpoint\":\"m\",\"width_medium\":\"1-3\"},\"children\":[{\"type\":\"headline\",\"props\":{\"content\":\"\n\n<h2>Melde dich!<\\\/h2>\",\"content_en_us\":\"\n\n<h2>Get in touch!<\\\/h2>\",\"title_element\":\"h1\"}},{\"type\":\"text\",\"props\":{\"column_breakpoint\":\"m\",\"content\":\"\n\n<h5><strong>Sarah R\\u00fcger<\\\/strong><\\\/h5>\\n\n\n<p><a href=\\\"mailto:info@femtec.org\\\">info@femtec.org<\\\/a><\\\/p>\\n\n\n<p><\\\/p>\",\"margin\":\"default\"}}]},{\"type\":\"column\",\"props\":{\"image_position\":\"center-center\",\"position_sticky_breakpoint\":\"m\",\"width_medium\":\"1-3\"},\"children\":[{\"type\":\"overlay\",\"props\":{\"hover_image\":\"wp-content\\\/uploads\\\/2024\\\/04\\\/Sarah_Ruger_2.png\",\"image\":\"wp-content\\\/uploads\\\/2024\\\/04\\\/Sarah_Ruger_11-1.png\",\"link_style\":\"default\",\"link_text\":\"Read more\",\"margin\":\"default\",\"meta_align\":\"below-title\",\"meta_element\":\"div\",\"meta_style\":\"text-meta\",\"overlay_hover\":true,\"overlay_mode\":\"cover\",\"overlay_position\":\"center\",\"overlay_style\":\"\",\"overlay_transition\":\"fade\",\"text_align\":\"center\",\"text_color\":\"light\",\"title_element\":\"h3\",\"title_hover_style\":\"reset\"}}]}]}]}]}]}]}],\"version\":\"4.3.13\"} --><\/p>\n","protected":false},"excerpt":{"rendered":"<p>Karriere-Coaching Karriere entsteht aus den Entscheidungen, die wir treffen, und ist gleichzeitig den Unw\u00e4gbarkeiten des Lebens ausgesetzt. Sie verl\u00e4uft selten durchg\u00e4ngig und glatt, sondern nimmt Umwege, stagniert und hebt wieder ab. Holen dir Schwung und starte durch, wir begleiten dich dabei! Wir geben dir den Raum, dich professionell und konzentriert mit deiner Karriere und deinen [&hellip;]<\/p>\n","protected":false},"author":14,"featured_media":0,"parent":0,"menu_order":0,"comment_status":"closed","ping_status":"closed","template":"","meta":{"footnotes":""},"class_list":["post-11721","page","type-page","status-publish","hentry"],"_links":{"self":[{"href":"https:\/\/www.femtec.org\/wp-json\/wp\/v2\/pages\/11721"}],"collection":[{"href":"https:\/\/www.femtec.org\/wp-json\/wp\/v2\/pages"}],"about":[{"href":"https:\/\/www.femtec.org\/wp-json\/wp\/v2\/types\/page"}],"author":[{"embeddable":true,"href":"https:\/\/www.femtec.org\/wp-json\/wp\/v2\/users\/14"}],"replies":[{"embeddable":true,"href":"https:\/\/www.femtec.org\/wp-json\/wp\/v2\/comments?post=11721"}],"version-history":[{"count":63,"href":"https:\/\/www.femtec.org\/wp-json\/wp\/v2\/pages\/11721\/revisions"}],"predecessor-version":[{"id":15896,"href":"https:\/\/www.femtec.org\/wp-json\/wp\/v2\/pages\/11721\/revisions\/15896"}],"wp:attachment":[{"href":"https:\/\/www.femtec.org\/wp-json\/wp\/v2\/media?parent=11721"}],"curies":[{"name":"wp","href":"https:\/\/api.w.org\/{rel}","templated":true}]}}