{"id":11719,"date":"2024-01-30T15:10:58","date_gmt":"2024-01-30T14:10:58","guid":{"rendered":"https:\/\/next.femtec.org\/?page_id=11719"},"modified":"2025-02-26T15:58:21","modified_gmt":"2025-02-26T14:58:21","slug":"corporate_partners","status":"publish","type":"page","link":"https:\/\/www.femtec.org\/corporate_partners\/","title":{"rendered":"Interessierte Unternehmen"},"content":{"rendered":"<p><img decoding=\"async\" src=\"\/wp-content\/uploads\/2024\/10\/Homepage_Banner24.png\" alt=\"\"><\/p>\n<h1>\n<h2>Einzeln brilliant &#8211; Zusammen stark!<\/h2>\n<\/h1>\n<div>\n<p>Dein Unternehmen blickt dem Wandel der Arbeitswelt ins Auge? Ihr stellt euch den Herausforderungen der digitalen Transformation, neuen Arbeitskulturen und einem sich zuspitzendem Fachkr\u00e4ftemangel? Ihr wollt Talente und Vielfalt f\u00f6rdern und euch diverser aufstellen? Nicht nur, weil ihr l\u00e4ngst wisst, dass gemischte Teams resilienter, erfolgreicher und attraktiver sind, sondern auch um m\u00e4nnlich gepr\u00e4gte Strukturen aufzubrechen und Gestalter*in f\u00fcr eine sozial-gerechte (Arbeits-)Welt zu sein?<\/p>\n<p>Trotz Diversity-Strategie und tiefgreifenden Ambitionen ist es f\u00fcr viele Unternehmen eine Herausforderung, Vielfalt in der Praxis zu etablieren. Insbesondere der Zugang zu hochqualifizierten MINT-Frauen f\u00e4llt oft schwer.<\/p>\n<p>Durch die Teilnahme am <a href=\"https:\/\/my.career-building.org\/programme\/\">Career-Building Programme<\/a> oder <a href=\"https:\/\/my.career-building.org\/elements\/\">Career-Building Elements<\/a> bringen wir euch mit engagierten MINT-Studentinnen in Kontakt, vernetzen euch mit anderen starken Partnerunternehmen, Forschungsinstituten und einem Pool an mehr als 1600 Femtec Alumnae!<\/p>\n<p>Werdet Teil unseres starken Netzwerks!<\/p>\n<\/div>\n<ul>\n<li>\n<h3>Zugang zu MINT-Talenten<\/h3>\n<div>\n<p>Sie kommen \u00fcber zahlreicheVernetzungsformate in Kontakt mithochqualifiziertem weiblichen MINT-Nachwuchs.<\/p>\n<\/div>\n<\/li>\n<li>\n<h3>Starkes Netzwerk<\/h3>\n<div>\n<p>Sie werden Mitglied eines engagierten Netzwerks, das Kooperationen mit technisch ausgerichteten Universit\u00e4ten und Unternehmen erm\u00f6glicht.<\/p>\n<\/div>\n<\/li>\n<li>\n<h3>Employer Branding<\/h3>\n<div>\n<p class=\"cvGsUA direction-ltr align-center para-style-body\">Sie erhalten vielf\u00e4ltige M\u00f6glichkeiten, um Ihr Unternehmen als attraktive*nArbeitgeber*in zu pr\u00e4sentieren.<\/p>\n<\/div>\n<\/li>\n<li>\n<h3>Role Models &#038; Expertise<\/h3>\n<div>\n<p>Sie profitieren von langj\u00e4hriger Expertise zu Erfolgsfaktoren von Frauen in MINT sowie von \u00fcber 1.600 Femtec-Alumnae als Role Models.<\/p>\n<\/div>\n<\/li>\n<li>\n<h3>Image &#038; Reputation<\/h3>\n<div>\n<p>Ihre Beteiligung bildet eine weitere effektive Schl\u00fcsselkomponente Ihrer Diversity-Strategie mit \u00f6ffentlichkeitswirksamer Reichweite.<\/p>\n<\/div>\n<\/li>\n<li>\n<h3>Co-Creation &#038; Innovation<\/h3>\n<div>\n<p>Unsere Stipendiatinnen arbeiten an Projekten aus Ihrem Unternehmen und entwickeln frische Ideen mit realen Ergebnissen.<\/p>\n<\/div>\n<\/li>\n<\/ul>\n<p>\n    <a href=\"https:\/\/www.femtec.org\/wp-content\/uploads\/2025\/02\/Femtec-One-Pager.pdf\">Infomaterial<\/a>\n<\/p>\n<h1>\n<h2>Partner up! <\/h2>\n<\/h1>\n<div>\n<p><strong>Marion Ze\u00dfner<\/strong><\/p>\n<p><a href=\"mailto:Marion.Zessner@femtec.org\">Marion.Zessner@femtec.org<\/a><\/p>\n<p>+49 1590 411 3457<\/p>\n<\/p>\n<\/div>\n<div>\n<p>        <img decoding=\"async\" src=\"\/wp-content\/uploads\/2024\/04\/Marion_Zessner_1.png\" alt=\"\"><\/p>\n<p>        <img decoding=\"async\" src=\"\/wp-content\/uploads\/2024\/05\/Marion_Zessner_2.png\" alt><\/p>\n<\/div>\n<p><!--more--><br \/>\n<!-- {\"type\":\"layout\",\"children\":[{\"type\":\"section\",\"props\":{\"image_position\":\"center-center\",\"style\":\"default\",\"title_breakpoint\":\"xl\",\"title_position\":\"top-left\",\"title_rotation\":\"left\",\"vertical_align\":\"middle\",\"width\":\"default\"},\"children\":[{\"type\":\"row\",\"children\":[{\"type\":\"column\",\"props\":{\"image_position\":\"center-center\",\"position_sticky_breakpoint\":\"m\"},\"children\":[{\"type\":\"image\",\"props\":{\"image\":\"wp-content\\\/uploads\\\/2024\\\/10\\\/Homepage_Banner24.png\",\"image_en_us\":\"wp-content\\\/uploads\\\/2024\\\/07\\\/Homepage_Banner19.png\",\"image_svg_color\":\"emphasis\",\"margin\":\"default\"}}]}]}]},{\"type\":\"section\",\"props\":{\"image_position\":\"center-center\",\"padding_remove_top\":true,\"style\":\"default\",\"title_breakpoint\":\"xl\",\"title_position\":\"top-left\",\"title_rotation\":\"left\",\"vertical_align\":\"middle\",\"width\":\"default\"},\"children\":[{\"type\":\"row\",\"children\":[{\"type\":\"column\",\"props\":{\"image_position\":\"center-center\",\"position_sticky_breakpoint\":\"m\"},\"children\":[{\"type\":\"headline\",\"props\":{\"content\":\"\n\n<h2>Einzeln brilliant - Zusammen stark!<\\\/h2>\",\"content_en_us\":\"\n\n<h2>Strong alone \\u2013 powerful together!<\\\/h2>\",\"title_element\":\"h1\"}},{\"type\":\"text\",\"props\":{\"column_breakpoint\":\"m\",\"content\":\"\n\n<p>Dein Unternehmen blickt dem Wandel der Arbeitswelt ins Auge? Ihr stellt euch den Herausforderungen der digitalen Transformation, neuen Arbeitskulturen und einem sich zuspitzendem Fachkr\\u00e4ftemangel? Ihr wollt Talente und Vielfalt f\\u00f6rdern und euch diverser aufstellen? Nicht nur, weil ihr l\\u00e4ngst wisst, dass gemischte Teams resilienter, erfolgreicher und attraktiver sind, sondern auch um m\\u00e4nnlich gepr\\u00e4gte Strukturen aufzubrechen und Gestalter*in f\\u00fcr eine sozial-gerechte (Arbeits-)Welt zu sein?<\\\/p>\\n\n\n<p>Trotz Diversity-Strategie und tiefgreifenden Ambitionen ist es f\\u00fcr viele Unternehmen eine Herausforderung, Vielfalt in der Praxis zu etablieren. Insbesondere der Zugang zu hochqualifizierten MINT-Frauen f\\u00e4llt oft schwer.<\\\/p>\\n\n\n<p>Durch die Teilnahme am <a href=\\\"https:\\\/\\\/my.career-building.org\\\/programme\\\/\\\">Career-Building Programme<\\\/a> oder <a href=\\\"https:\\\/\\\/my.career-building.org\\\/elements\\\/\\\">Career-Building Elements<\\\/a> bringen wir euch mit engagierten MINT-Studentinnen in Kontakt, vernetzen euch mit anderen starken Partnerunternehmen, Forschungsinstituten und einem Pool an mehr als 1600 Femtec Alumnae!<\\\/p>\\n\n\n<p>Werdet Teil unseres starken Netzwerks!<\\\/p>\",\"content_en_us\":\"\n\n<p>Is your company facing the changing landscape of the workplace? Are you tackling the challenges of digital transformation, new work cultures, and a worsening shortage of skilled workers? Do you aim to promote talent and diversity and diversify your workforce? Not only because you know that mixed teams are more resilient, successful, and appealing, but also to break away from male-dominated structures and shape a socially just (work) world?<\\\/p>\\n\n\n<p>Despite having a diversity strategy and deep-seated ambitions, many companies find it challenging to establish diversity in practice. Accessing highly qualified women in STEM fields, in particular, often proves difficult.<\\\/p>\\n\n\n<p>By participating in the <a href=\\\"https:\\\/\\\/my.career-building.org\\\/en\\\/programme\\\/\\\">Career-Building Programme<\\\/a> or <a href=\\\"https:\\\/\\\/my.career-building.org\\\/elements\\\/\\\">Career-Building Elements<\\\/a>, we connect you with dedicated STEM students, link you with other strong partner companies, research institutes, and a network of over 1600 Femtec alumnae!<\\\/p>\\n\n\n<p>Become part of our strong network!<\\\/p>\",\"margin\":\"default\"}}]}]}]},{\"type\":\"section\",\"props\":{\"image\":\"wp-content\\\/uploads\\\/2024\\\/04\\\/Hintergrund10.png\",\"image_position\":\"center-center\",\"image_width\":-1,\"media_focal_point\":\"center-left\",\"padding_remove_horizontal\":true,\"status\":\"disabled\",\"style\":\"default\",\"title_breakpoint\":\"xl\",\"title_position\":\"top-left\",\"title_rotation\":\"left\",\"vertical_align\":\"middle\",\"width\":\"default\"},\"children\":[{\"type\":\"row\",\"children\":[{\"type\":\"column\",\"props\":{\"image_position\":\"center-center\",\"position_sticky_breakpoint\":\"m\"},\"children\":[{\"type\":\"grid\",\"props\":{\"content_column_breakpoint\":\"m\",\"filter_align\":\"left\",\"filter_all\":true,\"filter_grid_breakpoint\":\"m\",\"filter_grid_width\":\"auto\",\"filter_position\":\"top\",\"filter_style\":\"tab\",\"grid_default\":\"1\",\"grid_medium\":\"3\",\"icon_width\":80,\"image_align\":\"top\",\"image_grid_breakpoint\":\"m\",\"image_grid_width\":\"1-2\",\"image_svg_color\":\"emphasis\",\"item_animation\":true,\"link_style\":\"default\",\"link_text\":\"Read more\",\"margin\":\"default\",\"meta_align\":\"below-title\",\"meta_element\":\"div\",\"meta_style\":\"text-meta\",\"show_content\":true,\"show_image\":true,\"show_link\":true,\"show_meta\":true,\"show_title\":false,\"title_align\":\"top\",\"title_element\":\"h3\",\"title_grid_breakpoint\":\"m\",\"title_grid_width\":\"1-2\",\"title_hover_style\":\"reset\"},\"children\":[{\"type\":\"grid_item\",\"props\":{\"image\":\"wp-content\\\/uploads\\\/2024\\\/04\\\/Zugang-zu-MINT-Talenten1.png\",\"title\":\"Zugang zu MINT Talenten\"}},{\"type\":\"grid_item\",\"props\":{\"image\":\"wp-content\\\/uploads\\\/2024\\\/04\\\/Arbeitgebermarke.png\",\"title\":\"Employer Branding\"}},{\"type\":\"grid_item\",\"props\":{\"image\":\"wp-content\\\/uploads\\\/2024\\\/04\\\/Image_und_Reputation_de1.png\",\"title\":\"Image & Reputation\"}}]},{\"type\":\"grid\",\"props\":{\"content_column_breakpoint\":\"m\",\"filter_align\":\"left\",\"filter_all\":true,\"filter_grid_breakpoint\":\"m\",\"filter_grid_width\":\"auto\",\"filter_position\":\"top\",\"filter_style\":\"tab\",\"grid_default\":\"1\",\"grid_medium\":\"3\",\"icon_width\":80,\"image_align\":\"top\",\"image_grid_breakpoint\":\"m\",\"image_grid_width\":\"1-2\",\"image_svg_color\":\"emphasis\",\"item_animation\":true,\"link_style\":\"default\",\"link_text\":\"Read more\",\"margin\":\"default\",\"meta_align\":\"below-title\",\"meta_element\":\"div\",\"meta_style\":\"text-meta\",\"show_content\":true,\"show_image\":true,\"show_link\":true,\"show_meta\":true,\"show_title\":false,\"title_align\":\"top\",\"title_element\":\"h3\",\"title_grid_breakpoint\":\"m\",\"title_grid_width\":\"1-2\",\"title_hover_style\":\"reset\"},\"children\":[{\"type\":\"grid_item\",\"props\":{\"image\":\"wp-content\\\/uploads\\\/2024\\\/04\\\/Zugang-zu-MINT-Talenten1.png\",\"title\":\"Zugang zu MINT Talenten\"}},{\"type\":\"grid_item\",\"props\":{\"image\":\"wp-content\\\/uploads\\\/2024\\\/04\\\/Arbeitgebermarke.png\",\"title\":\"Employer Branding\"}},{\"type\":\"grid_item\",\"props\":{\"image\":\"wp-content\\\/uploads\\\/2024\\\/04\\\/Image_und_Reputation_de1.png\",\"title\":\"Image & Reputation\"}}]}]}]}]},{\"type\":\"section\",\"props\":{\"image\":\"wp-content\\\/uploads\\\/2024\\\/05\\\/Hintergrund18.png\",\"image_position\":\"center-center\",\"style\":\"default\",\"title_breakpoint\":\"xl\",\"title_position\":\"top-left\",\"title_rotation\":\"left\",\"vertical_align\":\"middle\",\"width\":\"default\"},\"children\":[{\"type\":\"row\",\"children\":[{\"type\":\"column\",\"props\":{\"image_position\":\"center-center\",\"position_sticky_breakpoint\":\"m\"},\"children\":[{\"type\":\"grid\",\"props\":{\"content_column_breakpoint\":\"m\",\"filter_align\":\"left\",\"filter_all\":true,\"filter_grid_breakpoint\":\"m\",\"filter_grid_width\":\"auto\",\"filter_position\":\"top\",\"filter_style\":\"tab\",\"grid_default\":\"1\",\"grid_medium\":\"3\",\"icon_width\":80,\"image_align\":\"top\",\"image_grid_breakpoint\":\"m\",\"image_grid_width\":\"1-2\",\"image_svg_color\":\"emphasis\",\"item_animation\":true,\"link_style\":\"default\",\"link_text\":\"Read more\",\"margin\":\"default\",\"meta_align\":\"below-title\",\"meta_element\":\"div\",\"meta_style\":\"text-meta\",\"show_content\":true,\"show_image\":true,\"show_link\":true,\"show_meta\":true,\"show_title\":true,\"title_align\":\"top\",\"title_element\":\"h3\",\"title_grid_breakpoint\":\"m\",\"title_grid_width\":\"1-2\",\"title_hover_style\":\"reset\"},\"children\":[{\"type\":\"grid_item\",\"props\":{\"content\":\"\n\n<p>Sie kommen \\u00fcber zahlreicheVernetzungsformate in Kontakt mithochqualifiziertem weiblichen MINT-Nachwuchs.<\\\/p>\",\"content_en_us\":\"\n\n<p>The Femtec Network connects you with highly qualified female STEM graduates.<\\\/p>\",\"title\":\"Zugang zu MINT-Talenten\",\"title_en_us\":\"Access to STEM talents\"}},{\"type\":\"grid_item\",\"props\":{\"content\":\"\n\n<p>Sie werden Mitglied eines engagierten Netzwerks, das Kooperationen mit technisch ausgerichteten Universit\\u00e4ten und Unternehmen erm\\u00f6glicht.<\\\/p>\",\"content_en_us\":\"\n\n<p>Become part of an active community that fosters collaboration between leading technical universities and companies.<\\\/p>\",\"title\":\"Starkes Netzwerk\",\"title_en_us\":\"Strong Network \"}},{\"type\":\"grid_item\",\"props\":{\"content\":\"\n\n<p class=\\\"cvGsUA direction-ltr align-center para-style-body\\\">Sie erhalten vielf\\u00e4ltige M\\u00f6glichkeiten, um Ihr Unternehmen als attraktive*nArbeitgeber*in zu pr\\u00e4sentieren.<\\\/p>\",\"content_en_us\":\"\n\n<p>The Femtec Network provides diverse opportunities to position your company as an employer of choice.<\\\/p>\",\"title\":\"Employer Branding\",\"title_en_us\":\"Employer Branding\"}},{\"type\":\"grid_item\",\"props\":{\"content\":\"\n\n<p>Sie profitieren von langj\\u00e4hriger Expertise zu Erfolgsfaktoren von Frauen in MINT sowie von \\u00fcber 1.600 Femtec-Alumnae als Role Models.<\\\/p>\",\"content_en_us\":\"\n\n<p>Gain valuable insights into the success factors for women in STEM and connect with over 1,600 Femtec alumnae as inspiring role models.<\\\/p>\",\"title\":\"Role Models & Expertise\",\"title_en_us\":\"Role Models & Expertise\"}},{\"type\":\"grid_item\",\"props\":{\"content\":\"\n\n<p>Ihre Beteiligung bildet eine weitere effektive Schl\\u00fcsselkomponente Ihrer Diversity-Strategie mit \\u00f6ffentlichkeitswirksamer Reichweite.<\\\/p>\",\"content_en_us\":\"\n\n<p>Your engagement in the Femtec Network is another key component of your diversity strategy with high public visibility.<\\\/p>\",\"title\":\"Image & Reputation\",\"title_en_us\":\"Image & reputation\"}},{\"type\":\"grid_item\",\"props\":{\"content\":\"\n\n<p>Unsere Stipendiatinnen arbeiten an Projekten aus Ihrem Unternehmen und entwickeln frische Ideen mit realen Ergebnissen.<\\\/p>\",\"content_en_us\":\"\n\n<p>Our scholarship holders collaborate on your company\\u2019s projects, bringing fresh ideas to life with concrete results.<\\\/p>\",\"title\":\"Co-Creation & Innovation\",\"title_en_us\":\"Co-Creation & Innovation\"}}]}]}]}]},{\"type\":\"section\",\"props\":{\"image_position\":\"center-center\",\"style\":\"default\",\"title_breakpoint\":\"xl\",\"title_position\":\"top-left\",\"title_rotation\":\"left\",\"vertical_align\":\"middle\",\"width\":\"default\"},\"children\":[{\"type\":\"row\",\"children\":[{\"type\":\"column\",\"props\":{\"image_position\":\"center-center\",\"position_sticky_breakpoint\":\"m\"},\"children\":[{\"type\":\"fragment\",\"props\":{\"margin\":\"default\"},\"children\":[{\"type\":\"row\",\"props\":{\"layout\":\"1-3,1-3,1-3\"},\"children\":[{\"type\":\"column\",\"props\":{\"image_position\":\"center-center\",\"position_sticky_breakpoint\":\"m\",\"width_medium\":\"1-3\"},\"children\":[{\"type\":\"button\",\"props\":{\"grid_column_gap\":\"small\",\"grid_row_gap\":\"small\",\"margin\":\"default\"},\"children\":[{\"type\":\"button_item\",\"props\":{\"button_style\":\"default\",\"content\":\"Infomaterial\",\"icon_align\":\"left\",\"link\":\"https:\\\/\\\/www.femtec.org\\\/wp-content\\\/uploads\\\/2025\\\/02\\\/Femtec-One-Pager.pdf\"}}]}]},{\"type\":\"column\",\"props\":{\"image_position\":\"center-center\",\"position_sticky_breakpoint\":\"m\",\"width_medium\":\"1-3\"},\"children\":[{\"type\":\"headline\",\"props\":{\"content\":\"\n\n<h2>Partner up! <\\\/h2>\",\"title_element\":\"h1\"}},{\"type\":\"text\",\"props\":{\"column_breakpoint\":\"m\",\"content\":\"\n\n<p><strong>Marion Ze\\u00dfner<\\\/strong><\\\/p>\\n\n\n<p><a href=\\\"mailto:Marion.Zessner@femtec.org\\\">Marion.Zessner@femtec.org<\\\/a><\\\/p>\\n\n\n<p>+49 1590 411 3457<\\\/p>\\n\n\n<p><\\\/p>\",\"margin\":\"default\"}}]},{\"type\":\"column\",\"props\":{\"image_position\":\"center-center\",\"position_sticky_breakpoint\":\"m\",\"width_medium\":\"1-3\"},\"children\":[{\"type\":\"overlay\",\"props\":{\"hover_image\":\"wp-content\\\/uploads\\\/2024\\\/05\\\/Marion_Zessner_2.png\",\"image\":\"wp-content\\\/uploads\\\/2024\\\/04\\\/Marion_Zessner_1.png\",\"link_style\":\"default\",\"link_text\":\"Read more\",\"margin\":\"default\",\"meta_align\":\"below-title\",\"meta_element\":\"div\",\"meta_style\":\"text-meta\",\"overlay_hover\":true,\"overlay_mode\":\"cover\",\"overlay_position\":\"center\",\"overlay_style\":\"\",\"overlay_transition\":\"fade\",\"text_align\":\"center\",\"text_color\":\"light\",\"title_element\":\"h3\",\"title_hover_style\":\"reset\"}}]}]}]}]}]}]}],\"version\":\"4.3.13\"} --><\/p>\n","protected":false},"excerpt":{"rendered":"<p>Einzeln brilliant &#8211; Zusammen stark! Dein Unternehmen blickt dem Wandel der Arbeitswelt ins Auge? Ihr stellt euch den Herausforderungen der digitalen Transformation, neuen Arbeitskulturen und einem sich zuspitzendem Fachkr\u00e4ftemangel? Ihr wollt Talente und Vielfalt f\u00f6rdern und euch diverser aufstellen? Nicht nur, weil ihr l\u00e4ngst wisst, dass gemischte Teams resilienter, erfolgreicher und attraktiver sind, sondern auch [&hellip;]<\/p>\n","protected":false},"author":14,"featured_media":0,"parent":0,"menu_order":0,"comment_status":"closed","ping_status":"closed","template":"","meta":{"footnotes":""},"class_list":["post-11719","page","type-page","status-publish","hentry"],"_links":{"self":[{"href":"https:\/\/www.femtec.org\/wp-json\/wp\/v2\/pages\/11719"}],"collection":[{"href":"https:\/\/www.femtec.org\/wp-json\/wp\/v2\/pages"}],"about":[{"href":"https:\/\/www.femtec.org\/wp-json\/wp\/v2\/types\/page"}],"author":[{"embeddable":true,"href":"https:\/\/www.femtec.org\/wp-json\/wp\/v2\/users\/14"}],"replies":[{"embeddable":true,"href":"https:\/\/www.femtec.org\/wp-json\/wp\/v2\/comments?post=11719"}],"version-history":[{"count":57,"href":"https:\/\/www.femtec.org\/wp-json\/wp\/v2\/pages\/11719\/revisions"}],"predecessor-version":[{"id":16044,"href":"https:\/\/www.femtec.org\/wp-json\/wp\/v2\/pages\/11719\/revisions\/16044"}],"wp:attachment":[{"href":"https:\/\/www.femtec.org\/wp-json\/wp\/v2\/media?parent=11719"}],"curies":[{"name":"wp","href":"https:\/\/api.w.org\/{rel}","templated":true}]}}