{"id":11714,"date":"2024-01-30T15:00:47","date_gmt":"2024-01-30T14:00:47","guid":{"rendered":"https:\/\/next.femtec.org\/?page_id=11714"},"modified":"2024-11-26T07:56:42","modified_gmt":"2024-11-26T06:56:42","slug":"news-2","status":"publish","type":"page","link":"https:\/\/www.femtec.org\/news-2\/","title":{"rendered":"News"},"content":{"rendered":"<h1>\n<h1 style=\"text-align: center;\"><span>IMMER AUF DEM<br \/>NEUESTEN STAND.<\/span><\/h1>\n<\/h1>\n<div>\n<p style=\"text-align: center;\"><span>Femtec steht niemals still \u2013 am Puls der Zeit als vielf\u00e4ltiges, buntes Netzwerk.<\/span><\/p>\n<\/div>\n<p><img decoding=\"async\" src=\"\/wp-content\/uploads\/2024\/06\/Femtec_Summerschool-205-min-scaled.jpg\" alt=\"\"><\/p>\n<hr>\n<ul>\n<li>\n<p><img decoding=\"async\" src=\"\/wp-content\/uploads\/2024\/11\/LinkedIn_Sharipic3.jpg\" alt=\"\"><\/p>\n<h6>15 jahre Talent Take Off<\/h6>\n<div>\n<p style=\"text-align: left; padding-left: 40px;\">\n<p style=\"text-align: left; padding-left: 40px;\"><strong>26.11.2024: <\/strong>Unser studien-<br \/>orientierungs Programm wird 15 <br \/>Jahre &#8211; fast so alt wie seine Teilnehmer*innen.<strong><br \/><\/strong><\/p>\n<p style=\"text-align: left; padding-left: 40px;\"><strong>\u00a0<\/strong><\/p>\n<\/div>\n<p><a href=\"https:\/\/www.femtec.org\/15-years-talent-take-off\/\"><\/a><\/p>\n<\/li>\n<li>\n<p><img decoding=\"async\" src=\"\/wp-content\/uploads\/2024\/11\/LinkedIn_Sharipic1.jpg\" alt=\"\"><\/p>\n<h6>Im Interview mit Alex<\/h6>\n<div>\n<p style=\"text-align: left; padding-left: 40px;\">\n<p style=\"text-align: left; padding-left: 40px;\"><strong>09.10.2024: <\/strong>Unser Pilotprogramm Career-Building Elements ist abgehoben! Im Gespr\u00e4ch mit Alex haben wir uns ein Bild von ihrer Reise gemacht.<\/p>\n<p style=\"text-align: left; padding-left: 40px;\"><strong>\u00a0<\/strong><\/p>\n<\/div>\n<p><a href=\"https:\/\/www.femtec.org\/interview-alex\/\"><\/a><\/p>\n<\/li>\n<li>\n<p><img decoding=\"async\" src=\"\/wp-content\/uploads\/2024\/07\/Femtec_Innovation-Lab_PG_HP1.png\" alt=\"\"><\/p>\n<h6>Big Data, KI-Modelle und digitale Zwillinge!<\/h6>\n<div>\n<p style=\"text-align: left; padding-left: 40px;\">\n<p style=\"text-align: left; padding-left: 40px;\"><strong>17.07.2024: <\/strong>Eine intensive Lernreise mit Procter &amp; Gamble im Rahmen unseres Innovation Labs!<\/p>\n<\/div>\n<p><a href=\"https:\/\/femtec.org\/innovation-lab_pg\/\"><\/a><\/p>\n<\/li>\n<li>\n<p><img decoding=\"async\" src=\"\/wp-content\/uploads\/2024\/06\/LinkedIn-Layouts.jpg\" alt=\"\"><\/p>\n<h6>Unser Jahr 2023 &#8211; Ein Blick auf die vergangenen 12 Monate<\/h6>\n<div>\n<p style=\"text-align: left; padding-left: 40px;\"><strong>10.12.2023<\/strong>: Der Jahreswechsel k\u00fcndigt sich an und mit ihm unsere allj\u00e4hrliche Jahrsr\u00fcckschau.<\/p>\n<\/p>\n<\/div>\n<p><a href=\"https:\/\/www.femtec.org\/review-2023\/\"><\/a><\/p>\n<\/li>\n<li>\n<p><img decoding=\"async\" src=\"\/wp-content\/uploads\/2024\/05\/Femtec_Award_20231.png\" alt=\"\"><\/p>\n<h6>Femtec Award 2023 kr\u00f6nt erneut drei Preistr\u00e4gerinnen<\/h6>\n<div>\n<p style=\"text-align: left; padding-left: 40px;\"><strong>20.09.2023<\/strong>: Drei Pokale f\u00fcr drei Mal <br \/>ganz besonderes Engagment. Wir haben die diesj\u00e4hrigen Gewinnerinnen bekanntgegeben.<\/p>\n<\/div>\n<p><a href=\"https:\/\/femtec.org\/femtec-award-2023\/\"><\/a><\/p>\n<\/li>\n<li>\n<p><img decoding=\"async\" src=\"\/wp-content\/uploads\/2024\/05\/Amazon_Inno_Lab1.png\" alt=\"\"><\/p>\n<h6>Transformation for Rotation!<\/h6>\n<div>\n<p style=\"text-align: left; padding-left: 40px;\"><strong>20.07.2023<\/strong>: Premiere mit Amazon! Erstes Innovation Lab, das das Roationssystem <br \/>im Vertriebszentrum unter die Lupe genommen hat.<\/p>\n<p style=\"text-align: left; padding-left: 40px;\">\n<p style=\"text-align: left;\">\n<\/div>\n<p><a href=\"https:\/\/femtec.org\/transformation-for-rotation\/\"><\/a><\/p>\n<\/li>\n<li>\n<p><img decoding=\"async\" src=\"\/wp-content\/uploads\/2024\/05\/Daimler_Truck3.png\" alt=\"\"><\/p>\n<h6>Neue Wege f\u00fcr gr\u00fcnere Stra\u00dfen!<\/h6>\n<div>\n<p style=\"text-align: left; padding-left: 40px;\"><strong>17.07.2023<\/strong>: Im Rahmen unseres <br \/>Innovation Labs haben 26 Femteccies <br \/>neue Wege f\u00fcr zuk\u00fcnftige E-Mobilit\u00e4t gefunden.<\/p>\n<\/div>\n<p><a href=\"https:\/\/femtec.org\/new-paths-for-green-roads\/\"><\/a><\/p>\n<\/li>\n<li>\n<p><img decoding=\"async\" src=\"\/wp-content\/uploads\/2024\/05\/LinkedIn-Layouts80-1.png\" alt=\"\"><\/p>\n<h6>Mentoring-Erfahrungen bei Procter &#038; Gamble<\/h6>\n<div>\n<p style=\"padding-left: 40px; text-align: left;\"><strong>26.06.2023: <\/strong>Ein Interview mit Peter und Sophie erm\u00f6glicht den Blick hinter die Kulissen.<strong><br \/><\/strong><\/p>\n<\/p>\n<\/div>\n<p><a href=\"https:\/\/femtec.org\/mentoring-experiences-with-procter-gamble\/\"><\/a><\/p>\n<\/li>\n<li>\n<p><img decoding=\"async\" src=\"\/wp-content\/uploads\/2024\/01\/header-PM-Homepage.png\" alt=\"\"><\/p>\n<h6>Femtec Award: Auch in 2022 drei Preistr\u00e4gerinnen ausgezeichnet<\/h6>\n<div>\n<p style=\"text-align: left; padding-left: 40px;\"><strong>09.09.2022<\/strong>: Bereits zum f\u00fcnften Mal wurde vergangenen Freitag der Femtec Award 2022 verliehen.<\/p>\n<\/p>\n<\/div>\n<p><a href=\"https:\/\/femtec.org\/femtec-award-2022\/\"><\/a><\/p>\n<\/li>\n<li>\n<p><img decoding=\"async\" src=\"\/wp-content\/uploads\/2024\/05\/Femtec_Award_20211.png\" alt=\"\"><\/p>\n<h6>Wir gratulieren den Preistr\u00e4gerinnen zum Femtec Award 2021!<\/h6>\n<div>\n<p style=\"text-align: left; padding-left: 40px;\"><strong>24.09.2021<\/strong>: Zum vierten Mal infolge wurde in diesem Jahr der Femtec Award 2021 verliehen.<\/p>\n<\/p>\n<\/div>\n<p><a href=\"https:\/\/femtec.org\/femtec-award-2021\/\"><\/a><\/p>\n<\/li>\n<\/ul>\n<hr>\n<p><!--more--><br \/>\n<!-- {\"type\":\"layout\",\"children\":[{\"type\":\"section\",\"props\":{\"height\":\"pixels\",\"height_viewport\":530,\"image_position\":\"center-center\",\"overlap\":false,\"padding\":\"none\",\"padding_remove_bottom\":false,\"padding_remove_top\":false,\"style\":\"primary\",\"title_breakpoint\":\"xl\",\"title_position\":\"top-left\",\"title_rotation\":\"left\",\"vertical_align\":\"middle\",\"width\":\"\"},\"children\":[{\"type\":\"row\",\"props\":{\"layout\":\"1-3,2-3\"},\"children\":[{\"type\":\"column\",\"props\":{\"image_position\":\"center-center\",\"position_sticky_breakpoint\":\"m\",\"vertical_align\":\"middle\",\"width_medium\":\"1-3\"},\"children\":[{\"type\":\"headline\",\"props\":{\"content\":\"\n\n<h1 style=\\\"text-align: center;\\\"><span>IMMER AUF DEM<br \\\/>NEUESTEN STAND.<\\\/span><\\\/h1>\",\"content_en_us\":\"\n\n<div style=\\\"padding-left: 40px; text-align: center;\\\">Always up to date.<\\\/div>\",\"title_element\":\"h1\"}},{\"type\":\"text\",\"props\":{\"column_breakpoint\":\"m\",\"content\":\"\n\n<p style=\\\"text-align: center;\\\"><span>Femtec steht niemals still \\u2013 am Puls der Zeit als vielf\\u00e4ltiges, buntes Netzwerk.<\\\/span><\\\/p>\",\"content_en_us\":\"\n\n<p style=\\\"text-align: center;\\\">Femtec never stands still - on the pulse of time as a diverse, colorful Network.<\\\/p>\",\"margin\":\"default\"}}]},{\"type\":\"column\",\"props\":{\"image\":\"wp-content\\\/uploads\\\/2024\\\/05\\\/Hintergrund18.png\",\"image_position\":\"center-center\",\"padding\":\"none\",\"position_sticky_breakpoint\":\"m\",\"style\":\"tile-muted\",\"vertical_align\":\"middle\",\"width_medium\":\"2-3\"},\"children\":[{\"type\":\"image\",\"props\":{\"class\":\"banner-image-two banner-image-four\",\"height_expand\":true,\"image\":\"wp-content\\\/uploads\\\/2024\\\/06\\\/Femtec_Summerschool-205-min-scaled.jpg\",\"image_svg_color\":\"emphasis\",\"margin\":\"default\"},\"name\":\"banner-image-two\"}]}]}],\"name\":\"Femtec-Main-Banner-Two\"},{\"type\":\"section\",\"props\":{\"image_position\":\"center-center\",\"padding_remove_bottom\":true,\"style\":\"default\",\"title_breakpoint\":\"xl\",\"title_position\":\"top-left\",\"title_rotation\":\"left\",\"vertical_align\":\"middle\",\"width\":\"default\"},\"children\":[{\"type\":\"row\",\"children\":[{\"type\":\"column\",\"props\":{\"image_position\":\"center-center\",\"position_sticky_breakpoint\":\"m\"},\"children\":[{\"type\":\"divider\",\"props\":{\"divider_element\":\"hr\"}}]}]}]},{\"type\":\"section\",\"props\":{\"image_position\":\"center-center\",\"style\":\"default\",\"title_breakpoint\":\"xl\",\"title_position\":\"top-left\",\"title_rotation\":\"left\",\"vertical_align\":\"middle\",\"width\":\"default\"},\"children\":[{\"type\":\"row\",\"children\":[{\"type\":\"column\",\"props\":{\"image_position\":\"center-center\",\"position_sticky_breakpoint\":\"m\"},\"children\":[{\"name\":\"Grid Filter\",\"type\":\"grid\",\"children\":[{\"type\":\"grid_item\",\"props\":{\"content\":\"\n\n<p style=\\\"text-align: left; padding-left: 40px;\\\"><\\\/p>\\n\n\n<p style=\\\"text-align: left; padding-left: 40px;\\\"><strong>26.11.2024: <\\\/strong>Unser studien-<br \\\/>orientierungs Programm wird 15 <br \\\/>Jahre - fast so alt wie seine Teilnehmer*innen.<strong><br \\\/><\\\/strong><\\\/p>\\n\n\n<p style=\\\"text-align: left; padding-left: 40px;\\\"><strong>\\u00a0<\\\/strong><\\\/p>\",\"content_en_us\":\"\n\n<p style=\\\"text-align: left; padding-left: 40px;\\\"><\\\/p>\\n\n\n<p style=\\\"text-align: left; padding-left: 40px;\\\"><strong>26.11.2024:<\\\/strong> Our study-<br \\\/>orientation programme turns 15 <br \\\/>years - almost as old as its participants.<\\\/p>\\n\n\n<p><\\\/p>\",\"image\":\"wp-content\\\/uploads\\\/2024\\\/11\\\/LinkedIn_Sharipic3.jpg\",\"link\":\"https:\\\/\\\/www.femtec.org\\\/15-years-talent-take-off\\\/\",\"link_en_us\":\"https:\\\/\\\/www.femtec.org\\\/en\\\/15-years-talent-take-off\\\/\",\"title\":\"15 jahre Talent Take Off\",\"title_en_us\":\"15 Years Talent Take Off\"}},{\"type\":\"grid_item\",\"props\":{\"content\":\"\n\n<p style=\\\"text-align: left; padding-left: 40px;\\\"><\\\/p>\\n\n\n<p style=\\\"text-align: left; padding-left: 40px;\\\"><strong>09.10.2024: <\\\/strong>Unser Pilotprogramm Career-Building Elements ist abgehoben! Im Gespr\\u00e4ch mit Alex haben wir uns ein Bild von ihrer Reise gemacht.<\\\/p>\\n\n\n<p style=\\\"text-align: left; padding-left: 40px;\\\"><strong>\\u00a0<\\\/strong><\\\/p>\",\"content_en_us\":\"\n\n<p style=\\\"text-align: left; padding-left: 40px;\\\"><\\\/p>\\n\n\n<p style=\\\"text-align: left; padding-left: 40px;\\\"><strong>09.10.2024:<\\\/strong> Our pilot programme Career-Building Elements has taken off! Talking to Alex gave us insights into her journey.<\\\/p>\",\"image\":\"wp-content\\\/uploads\\\/2024\\\/11\\\/LinkedIn_Sharipic1.jpg\",\"link\":\"https:\\\/\\\/www.femtec.org\\\/interview-alex\\\/\",\"link_en_us\":\"https:\\\/\\\/www.femtec.org\\\/en\\\/interview-alex\\\/\",\"title\":\"Im Interview mit Alex\",\"title_en_us\":\"Interview with Alex\"}},{\"type\":\"grid_item\",\"props\":{\"content\":\"\n\n<p style=\\\"text-align: left; padding-left: 40px;\\\"><\\\/p>\\n\n\n<p style=\\\"text-align: left; padding-left: 40px;\\\"><strong>17.07.2024: <\\\/strong>Eine intensive Lernreise mit Procter &amp; Gamble im Rahmen unseres Innovation Labs!<\\\/p>\",\"content_en_us\":\"\n\n<p style=\\\"text-align: left; padding-left: 40px;\\\"><\\\/p>\\n\n\n<p style=\\\"text-align: left; padding-left: 40px;\\\"><strong>17.07.2024:<\\\/strong> An intensive learning journey with Procter &amp; Gamble as part of our Innovation Lab!<\\\/p>\",\"image\":\"wp-content\\\/uploads\\\/2024\\\/07\\\/Femtec_Innovation-Lab_PG_HP1.png\",\"link\":\"https:\\\/\\\/femtec.org\\\/innovation-lab_pg\\\/\",\"link_en_us\":\"https:\\\/\\\/femtec.org\\\/en\\\/innovation-lab_pg\\\/\",\"title\":\"Big Data, KI-Modelle und digitale Zwillinge!\",\"title_en_us\":\"Big Data, AI models, and digital twins!\"}},{\"type\":\"grid_item\",\"props\":{\"content\":\"\n\n<p><\\\/p>\\n\n\n<p style=\\\"text-align: left; padding-left: 40px;\\\"><strong>10.12.2023<\\\/strong>: Der Jahreswechsel k\\u00fcndigt sich an und mit ihm unsere allj\\u00e4hrliche Jahrsr\\u00fcckschau.<\\\/p>\\n\n\n<p><\\\/p>\",\"content_en_us\":\"\n\n<p><\\\/p>\\n\n\n<p style=\\\"text-align: left; padding-left: 40px;\\\"><strong>10.12.2023<\\\/strong>: The turn of the year is approaching, along with our annual year in review.<\\\/p>\",\"image\":\"wp-content\\\/uploads\\\/2024\\\/06\\\/LinkedIn-Layouts.jpg\",\"link\":\"https:\\\/\\\/www.femtec.org\\\/review-2023\\\/\",\"link_en_us\":\"https:\\\/\\\/www.femtec.org\\\/en\\\/review-2023\\\/\",\"title\":\"Unser Jahr 2023 - Ein Blick auf die vergangenen 12 Monate\",\"title_en_us\":\"Our Year 2023 - A look back at the past 12 months\"}},{\"type\":\"grid_item\",\"props\":{\"content\":\"\n\n<p><\\\/p>\\n\n\n<p style=\\\"text-align: left; padding-left: 40px;\\\"><strong>20.09.2023<\\\/strong>: Drei Pokale f\\u00fcr drei Mal <br \\\/>ganz besonderes Engagment. Wir haben die diesj\\u00e4hrigen Gewinnerinnen bekanntgegeben.<\\\/p>\",\"content_en_us\":\"\n\n<p><\\\/p>\\n\n\n<p style=\\\"text-align: left; padding-left: 40px;\\\"><strong>20.09.2023<\\\/strong>: Three trophies for three exceptional engagements. We have announced this year's winners.<\\\/p>\\n\n\n<p><\\\/p>\",\"image\":\"wp-content\\\/uploads\\\/2024\\\/05\\\/Femtec_Award_20231.png\",\"link\":\"https:\\\/\\\/femtec.org\\\/femtec-award-2023\\\/\",\"link_en_us\":\"https:\\\/\\\/femtec.org\\\/en\\\/femtec-award-2023\\\/\",\"panel_style\":\"card-default\",\"tags\":\"Femtec Award\",\"title\":\"Femtec Award 2023 kr\\u00f6nt erneut drei Preistr\\u00e4gerinnen\",\"title_en_us\":\"Femtec Award 2023 honors three winners once again\"}},{\"type\":\"grid_item\",\"props\":{\"content\":\"\n\n<p><\\\/p>\\n\n\n<p style=\\\"text-align: left; padding-left: 40px;\\\"><strong>20.07.2023<\\\/strong>: Premiere mit Amazon! Erstes Innovation Lab, das das Roationssystem <br \\\/>im Vertriebszentrum unter die Lupe genommen hat.<\\\/p>\\n\n\n<p style=\\\"text-align: left; padding-left: 40px;\\\"><\\\/p>\\n\n\n<p style=\\\"text-align: left;\\\"><\\\/p>\",\"content_en_us\":\"\n\n<p><\\\/p>\\n\n\n<p style=\\\"padding-left: 40px; text-align: left;\\\"><strong>20.07.2023<\\\/strong>: First Innovation Lab with Amazon to scrutinise the rotation system in a distribution centre.<\\\/p>\",\"image\":\"wp-content\\\/uploads\\\/2024\\\/05\\\/Amazon_Inno_Lab1.png\",\"link\":\"https:\\\/\\\/femtec.org\\\/transformation-for-rotation\\\/\",\"link_en_us\":\"https:\\\/\\\/femtec.org\\\/en\\\/transformation-for-rotation\\\/\",\"panel_style\":\"card-default\",\"tags\":\"News\",\"title\":\"Transformation for Rotation!\",\"title_en_us\":\"Transformation for Rotation!\"}},{\"type\":\"grid_item\",\"props\":{\"content\":\"\n\n<p><\\\/p>\\n\n\n<p style=\\\"text-align: left; padding-left: 40px;\\\"><strong>17.07.2023<\\\/strong>: Im Rahmen unseres <br \\\/>Innovation Labs haben 26 Femteccies <br \\\/>neue Wege f\\u00fcr zuk\\u00fcnftige E-Mobilit\\u00e4t gefunden.<\\\/p>\",\"content_en_us\":\"\n\n<p><\\\/p>\\n\n\n<p style=\\\"padding-left: 40px; text-align: left;\\\"><strong>17.07.2023<\\\/strong>: 26 Femteccies explored new solutions for the future of e-mobility.<\\\/p>\",\"image\":\"wp-content\\\/uploads\\\/2024\\\/05\\\/Daimler_Truck3.png\",\"link\":\"https:\\\/\\\/femtec.org\\\/new-paths-for-green-roads\\\/\",\"link_en_us\":\"https:\\\/\\\/femtec.org\\\/en\\\/new-paths-for-green-roads\\\/\",\"tags\":\"News\",\"title\":\"Neue Wege f\\u00fcr gr\\u00fcnere Stra\\u00dfen!\",\"title_en_us\":\"New pathes for greener roads!\"}},{\"type\":\"grid_item\",\"props\":{\"content\":\"\n\n<p><\\\/p>\\n\n\n<p style=\\\"padding-left: 40px; text-align: left;\\\"><strong>26.06.2023: <\\\/strong>Ein Interview mit Peter und Sophie erm\\u00f6glicht den Blick hinter die Kulissen.<strong><br \\\/><\\\/strong><\\\/p>\\n\n\n<p><\\\/p>\",\"content_en_us\":\"\n\n<p style=\\\"padding-left: 40px;\\\"><\\\/p>\\n\n\n<p style=\\\"padding-left: 40px; text-align: left;\\\"><strong>26.06.2023: <\\\/strong>An interview with Peter and Sophie offers a glimpse behind the scenes.<\\\/p>\",\"image\":\"wp-content\\\/uploads\\\/2024\\\/05\\\/LinkedIn-Layouts80-1.png\",\"link\":\"https:\\\/\\\/femtec.org\\\/mentoring-experiences-with-procter-gamble\\\/\",\"link_en_us\":\"https:\\\/\\\/femtec.org\\\/en\\\/mentoring-experiences-with-procter-gamble\\\/\",\"meta\":\"\",\"tags\":\"News\",\"title\":\"Mentoring-Erfahrungen bei Procter & Gamble\",\"title_en_us\":\"Mentoring experiences at Procter & Gamble\"}},{\"type\":\"grid_item\",\"props\":{\"content\":\"\n\n<p><\\\/p>\\n\n\n<p style=\\\"text-align: left; padding-left: 40px;\\\"><strong>09.09.2022<\\\/strong>: Bereits zum f\\u00fcnften Mal wurde vergangenen Freitag der Femtec Award 2022 verliehen.<\\\/p>\\n\n\n<p><\\\/p>\",\"content_en_us\":\"\n\n<p><\\\/p>\\n\n\n<p style=\\\"text-align: left; padding-left: 40px;\\\"><strong>09.09.2022<\\\/strong>: Last Friday, the Femtec Award 2022 was presented for the fifth time.<\\\/p>\\n\n\n<p><\\\/p>\",\"image\":\"wp-content\\\/uploads\\\/2024\\\/01\\\/header-PM-Homepage.png\",\"link\":\"https:\\\/\\\/femtec.org\\\/femtec-award-2022\\\/\",\"link_en_us\":\"https:\\\/\\\/femtec.org\\\/en\\\/femtec-award-2022\\\/\",\"tags\":\"Femtec Award\",\"title\":\"Femtec Award: Auch in 2022 drei Preistr\\u00e4gerinnen ausgezeichnet\",\"title_en_us\":\"Femtec Award: Three winners honored in 2022\"}},{\"type\":\"grid_item\",\"props\":{\"content\":\"\n\n<p><\\\/p>\\n\n\n<p style=\\\"text-align: left; padding-left: 40px;\\\"><strong>24.09.2021<\\\/strong>: Zum vierten Mal infolge wurde in diesem Jahr der Femtec Award 2021 verliehen.<\\\/p>\\n\n\n<p><\\\/p>\",\"content_en_us\":\"\n\n<p><\\\/p>\\n\n\n<p style=\\\"padding-left: 40px;\\\"><strong>24.09.2021<\\\/strong>: The Femtec Award was presented for the fourth year running.<\\\/p>\\n\n\n<p><\\\/p>\",\"image\":\"wp-content\\\/uploads\\\/2024\\\/05\\\/Femtec_Award_20211.png\",\"link\":\"https:\\\/\\\/femtec.org\\\/femtec-award-2021\\\/\",\"link_en_us\":\"https:\\\/\\\/femtec.org\\\/en\\\/femtec-award-2021\\\/\",\"tags\":\"Femtec Award\",\"title\":\"Wir gratulieren den Preistr\\u00e4gerinnen zum Femtec Award 2021!\",\"title_en_us\":\"Congratulations to the Femtec Award winners in 2021!\"}},{\"type\":\"grid_item\",\"props\":{\"image\":\"wp-content\\\/uploads\\\/2024\\\/06\\\/LinkedIn_Visual_12.png\",\"status\":\"disabled\",\"title\":\"Unser Jahresr\\u00fcckblick 2021\"}},{\"type\":\"grid_item\",\"props\":{\"status\":\"disabled\",\"title\":\"Sternchen Statment \"}}],\"props\":{\"content_column_breakpoint\":\"m\",\"content_margin\":\"remove\",\"content_style\":\"text-lead\",\"filter\":true,\"filter_align\":\"center\",\"filter_all\":true,\"filter_animation\":\"false\",\"filter_grid_breakpoint\":\"m\",\"filter_grid_width\":\"auto\",\"filter_margin\":\"medium\",\"filter_position\":\"top\",\"filter_style\":\"subnav\",\"grid_default\":\"1\",\"grid_medium\":\"3\",\"grid_small\":\"2\",\"icon_width\":80,\"image_align\":\"top\",\"image_grid_breakpoint\":\"m\",\"image_grid_width\":\"1-2\",\"image_link\":true,\"image_svg_color\":\"emphasis\",\"image_transition\":\"scale-up\",\"image_width\":\"650\",\"item_animation\":true,\"lightbox\":false,\"link_margin\":\"remove\",\"link_style\":\"default\",\"link_target\":true,\"link_text\":\"\",\"margin\":\"default\",\"margin_remove_bottom\":false,\"margin_remove_top\":false,\"meta_align\":\"below-title\",\"meta_color\":\"emphasis\",\"meta_element\":\"div\",\"meta_style\":\"text-meta\",\"panel_style\":\"card-default\",\"parallax_easing\":\"1\",\"show_content\":true,\"show_image\":true,\"show_link\":true,\"show_meta\":true,\"show_title\":true,\"text_align\":\"center\",\"title_align\":\"top\",\"title_element\":\"h6\",\"title_grid_breakpoint\":\"m\",\"title_grid_width\":\"1-2\",\"title_hover_style\":\"reset\",\"title_link\":true,\"title_style\":\"h6\"}}]}]}]},{\"type\":\"section\",\"props\":{\"image_position\":\"center-center\",\"padding_remove_bottom\":false,\"padding_remove_top\":true,\"style\":\"default\",\"title_breakpoint\":\"xl\",\"title_position\":\"top-left\",\"title_rotation\":\"left\",\"vertical_align\":\"middle\",\"width\":\"default\"},\"children\":[{\"type\":\"row\",\"children\":[{\"type\":\"column\",\"props\":{\"image_position\":\"center-center\",\"position_sticky_breakpoint\":\"m\"},\"children\":[{\"type\":\"divider\",\"props\":{\"divider_element\":\"hr\"}}]}]}]}],\"version\":\"4.3.13\"} --><\/p>\n","protected":false},"excerpt":{"rendered":"<p>IMMER AUF DEMNEUESTEN STAND. Femtec steht niemals still \u2013 am Puls der Zeit als vielf\u00e4ltiges, buntes Netzwerk. 15 jahre Talent Take Off 26.11.2024: Unser studien-orientierungs Programm wird 15 Jahre &#8211; fast so alt wie seine Teilnehmer*innen. \u00a0 Im Interview mit Alex 09.10.2024: Unser Pilotprogramm Career-Building Elements ist abgehoben! Im Gespr\u00e4ch mit Alex haben wir uns [&hellip;]<\/p>\n","protected":false},"author":14,"featured_media":0,"parent":0,"menu_order":0,"comment_status":"closed","ping_status":"closed","template":"","meta":{"footnotes":""},"class_list":["post-11714","page","type-page","status-publish","hentry"],"_links":{"self":[{"href":"https:\/\/www.femtec.org\/wp-json\/wp\/v2\/pages\/11714"}],"collection":[{"href":"https:\/\/www.femtec.org\/wp-json\/wp\/v2\/pages"}],"about":[{"href":"https:\/\/www.femtec.org\/wp-json\/wp\/v2\/types\/page"}],"author":[{"embeddable":true,"href":"https:\/\/www.femtec.org\/wp-json\/wp\/v2\/users\/14"}],"replies":[{"embeddable":true,"href":"https:\/\/www.femtec.org\/wp-json\/wp\/v2\/comments?post=11714"}],"version-history":[{"count":155,"href":"https:\/\/www.femtec.org\/wp-json\/wp\/v2\/pages\/11714\/revisions"}],"predecessor-version":[{"id":15981,"href":"https:\/\/www.femtec.org\/wp-json\/wp\/v2\/pages\/11714\/revisions\/15981"}],"wp:attachment":[{"href":"https:\/\/www.femtec.org\/wp-json\/wp\/v2\/media?parent=11714"}],"curies":[{"name":"wp","href":"https:\/\/api.w.org\/{rel}","templated":true}]}}