{"id":11710,"date":"2024-01-30T14:58:50","date_gmt":"2024-01-30T13:58:50","guid":{"rendered":"https:\/\/next.femtec.org\/?page_id=11710"},"modified":"2024-10-21T11:11:55","modified_gmt":"2024-10-21T09:11:55","slug":"programme","status":"publish","type":"page","link":"https:\/\/www.femtec.org\/programme\/","title":{"rendered":"Programme"},"content":{"rendered":"<h1>\n<h3 style=\"text-align: center;\"><span>Wir begleiten \u2028MINT-Enthusiat*innen entlang der gesamten Bildungskette<\/span><\/h3>\n<\/h1>\n<p><img decoding=\"async\" src=\"\/wp-content\/uploads\/2024\/06\/Highlight_pictures_Summerschool_20233-min-scaled.jpg\" alt=\"\"><\/p>\n<hr>\n<h1>\n<h2>Unsere programme<\/h2>\n<\/h1>\n<p><a href=\"https:\/\/femtec.org\/_young_talents\/\"><img decoding=\"async\" src=\"\/wp-content\/uploads\/2024\/06\/Instagram_Layout69.png\" alt=\"\"><\/a><\/p>\n<h1><a href=\"https:\/\/femtec.org\/_young_talents\/\"><\/p>\n<h5>Talent Take Off<\/h5>\n<p><\/a><\/h1>\n<div>\n<p>Unser Studien-orientierungsprogramm f\u00fcr <strong>Sch\u00fcler*innen<\/strong> und <strong>Studienanf\u00e4nger*innen<\/strong>.<\/p>\n<\/p>\n<\/div>\n<p><a href=\"https:\/\/femtec.org\/_young_talents\/\">[chevron-right]<\/a><br \/>\n<a href=\"https:\/\/my.career-building.org\/\"><img decoding=\"async\" src=\"\/wp-content\/uploads\/2024\/06\/Instagram_Layout70.png\" alt=\"\"><\/a><\/p>\n<h1><a href=\"https:\/\/my.career-building.org\/\"><\/p>\n<h5 class=\"d-flex display-2 align-items-start text-uppercase\">Career-Building <\/h5>\n<p><\/a><\/h1>\n<div>\n<p>Die Career-Building Programme bereiten <strong>MINT- Studentinnen<\/strong> gezielt auf die berufliche Praxis vor.<\/p>\n<\/div>\n<p><a href=\"https:\/\/my.career-building.org\/\">[chevron-right]<\/a><br \/>\n<a href=\"https:\/\/femtec.org\/career-coaching\/\"><img decoding=\"async\" src=\"\/wp-content\/uploads\/2024\/06\/Instagram_Layout71.png\" alt=\"\"><\/a><\/p>\n<h1><a href=\"https:\/\/femtec.org\/career-coaching\/\"><\/p>\n<h5>Karriere-Coaching<\/h5>\n<p><\/a><\/h1>\n<div>\n<p>F\u00fcr <strong>Professionals<\/strong>, die ihren Karriere-Kompass (neu)bestimmen wollen.<\/p>\n<\/p>\n<\/div>\n<p><a href=\"https:\/\/femtec.org\/career-coaching\/\">[chevron-right]<\/a><br \/>\n<a href=\"https:\/\/femtec.org\/corporate_partners\/\"><img decoding=\"async\" src=\"\/wp-content\/uploads\/2024\/06\/Instagram_Layout72.png\" alt=\"\"><\/a><\/p>\n<h1><a href=\"https:\/\/next.femtec.org\/corporate_partners\/\"><\/p>\n<h5>F\u00fcr Unternehmen<\/h5>\n<p><\/a><\/h1>\n<div>\n<p>Als <strong>Unternehmen<\/strong> mit Gleichstellungs-Ambitionen Teil des Netzwerks werden!<\/p>\n<\/p>\n<\/div>\n<p><a href=\"https:\/\/femtec.org\/corporate_partners\/\">[chevron-right]<\/a><br \/>\n<a href=\"https:\/\/femtec.org\/universities\/\"><img decoding=\"async\" src=\"\/wp-content\/uploads\/2024\/06\/Instagram_Layout74.png\" alt=\"\"><\/a><\/p>\n<h1><a href=\"https:\/\/femtec.org\/universities\/\"><\/p>\n<h5>F\u00fcr Universit\u00e4ten &amp; Hochschulen<\/h5>\n<p><\/a><\/h1>\n<div>\n<p>Sich campus-\u00fcbergreifend engagieren, austauschen und vernetzten.<\/p>\n<\/div>\n<p><a href=\"https:\/\/femtec.org\/universities\/\">[chevron-right]<\/a><\/p>\n<hr>\n<p><!--more--><br \/>\n<!-- {\"type\":\"layout\",\"children\":[{\"type\":\"section\",\"props\":{\"height\":\"pixels\",\"height_viewport\":530,\"image_position\":\"center-center\",\"overlap\":false,\"padding\":\"none\",\"padding_remove_bottom\":false,\"padding_remove_top\":false,\"style\":\"muted\",\"title_breakpoint\":\"xl\",\"title_position\":\"top-left\",\"title_rotation\":\"left\",\"vertical_align\":\"middle\",\"width\":\"\"},\"children\":[{\"type\":\"row\",\"props\":{\"layout\":\"1-3,2-3\"},\"children\":[{\"type\":\"column\",\"props\":{\"image_position\":\"center-center\",\"position_sticky_breakpoint\":\"m\",\"vertical_align\":\"middle\",\"width_medium\":\"1-3\"},\"children\":[{\"type\":\"headline\",\"props\":{\"content\":\"\n\n<h3 style=\\\"text-align: center;\\\"><span>Wir begleiten \\u2028MINT-Enthusiat*innen entlang der gesamten Bildungskette<\\\/span><\\\/h3>\",\"content_en_us\":\"\n\n<h3 style=\\\"text-align: center;\\\">We guide STEM enthusiasts along the entire education chain<\\\/h3>\",\"title_element\":\"h1\"}}]},{\"type\":\"column\",\"props\":{\"image_position\":\"center-center\",\"padding\":\"none\",\"position_sticky_breakpoint\":\"m\",\"style\":\"tile-muted\",\"vertical_align\":\"middle\",\"width_medium\":\"2-3\"},\"children\":[{\"type\":\"image\",\"props\":{\"class\":\"banner-image-two\",\"height_expand\":true,\"image\":\"wp-content\\\/uploads\\\/2024\\\/06\\\/Highlight_pictures_Summerschool_20233-min-scaled.jpg\",\"image_svg_color\":\"emphasis\",\"margin\":\"default\"},\"name\":\"banner-image-two\"}]}]}],\"name\":\"Femtec-Main-Banner\"},{\"type\":\"section\",\"props\":{\"image_position\":\"center-center\",\"style\":\"default\",\"title_breakpoint\":\"xl\",\"title_position\":\"top-left\",\"title_rotation\":\"left\",\"vertical_align\":\"middle\",\"width\":\"default\"},\"children\":[{\"type\":\"row\",\"children\":[{\"type\":\"column\",\"props\":{\"image_position\":\"center-center\",\"position_sticky_breakpoint\":\"m\"},\"children\":[{\"type\":\"divider\",\"props\":{\"divider_element\":\"hr\"}}]}]}]},{\"type\":\"section\",\"props\":{\"image\":\"wp-content\\\/uploads\\\/2024\\\/04\\\/Hintergrund10.png\",\"image_position\":\"center-center\",\"style\":\"default\",\"title_breakpoint\":\"xl\",\"title_position\":\"top-left\",\"title_rotation\":\"left\",\"vertical_align\":\"middle\",\"width\":\"default\"},\"children\":[{\"type\":\"row\",\"children\":[{\"type\":\"column\",\"props\":{\"image_position\":\"center-center\",\"position_sticky_breakpoint\":\"m\"},\"children\":[{\"type\":\"headline\",\"props\":{\"content\":\"\n\n<h2>Unsere programme<\\\/h2>\",\"content_en_us\":\"\n\n<h2>Our Programmes<\\\/h2>\",\"title_element\":\"h1\"}},{\"type\":\"fragment\",\"props\":{\"margin\":\"default\"},\"children\":[{\"type\":\"row\",\"props\":{\"layout\":\"1-5,1-5,1-5,1-5,1-5|1-2,1-2,1-3,1-3,1-3\"},\"children\":[{\"type\":\"column\",\"props\":{\"image_position\":\"center-center\",\"position_sticky_breakpoint\":\"m\",\"width_medium\":\"1-5\",\"width_small\":\"1-2\"},\"children\":[{\"type\":\"image\",\"props\":{\"image\":\"wp-content\\\/uploads\\\/2024\\\/06\\\/Instagram_Layout69.png\",\"image_svg_color\":\"emphasis\",\"link\":\"https:\\\/\\\/femtec.org\\\/_young_talents\\\/\",\"link_en_us\":\"https:\\\/\\\/femtec.org\\\/en\\\/_young_talents\\\/\",\"margin\":\"default\"}},{\"type\":\"headline\",\"props\":{\"content\":\"\n\n<h5>Talent Take Off<\\\/h5>\",\"link\":\"https:\\\/\\\/femtec.org\\\/_young_talents\\\/\",\"link_en_us\":\"https:\\\/\\\/femtec.org\\\/en\\\/_young_talents\\\/\",\"link_target\":false,\"title_element\":\"h1\"}},{\"type\":\"text\",\"props\":{\"column_breakpoint\":\"m\",\"content\":\"\n\n<p>Unser Studien-orientierungsprogramm f\\u00fcr <strong>Sch\\u00fcler*innen<\\\/strong> und <strong>Studienanf\\u00e4nger*innen<\\\/strong>.<\\\/p>\\n\n\n<p><\\\/p>\\n\n\n<p><\\\/p>\",\"content_en_us\":\"\n\n<p>Our study orientation programme for<strong> school and first-year students.<\\\/strong><\\\/p>\",\"margin\":\"default\"}},{\"type\":\"icon\",\"props\":{\"icon\":\"chevron-right\",\"icon_color\":\"muted\",\"icon_width\":60,\"link\":\"https:\\\/\\\/femtec.org\\\/_young_talents\\\/\",\"link_en_us\":\"https:\\\/\\\/femtec.org\\\/en\\\/_young_talents\\\/\",\"link_style\":\"muted\",\"margin\":\"default\"}}]},{\"type\":\"column\",\"props\":{\"image_position\":\"center-center\",\"position_sticky_breakpoint\":\"m\",\"width_medium\":\"1-5\",\"width_small\":\"1-2\"},\"children\":[{\"type\":\"image\",\"props\":{\"image\":\"wp-content\\\/uploads\\\/2024\\\/06\\\/Instagram_Layout70.png\",\"image_svg_color\":\"emphasis\",\"link\":\"https:\\\/\\\/my.career-building.org\\\/\",\"link_en_us\":\"https:\\\/\\\/my.career-building.org\\\/en\\\/\",\"margin\":\"default\"}},{\"type\":\"headline\",\"props\":{\"content\":\"\n\n<h5 class=\\\"d-flex display-2 align-items-start text-uppercase\\\">Career-Building <\\\/h5>\",\"link\":\"https:\\\/\\\/my.career-building.org\\\/\",\"link_en_us\":\"https:\\\/\\\/my.career-building.org\\\/en\\\/\",\"title_element\":\"h1\"}},{\"type\":\"text\",\"props\":{\"column_breakpoint\":\"m\",\"content\":\"\n\n<p>Die Career-Building Programme bereiten <strong>MINT- Studentinnen<\\\/strong> gezielt auf die berufliche Praxis vor.<\\\/p>\",\"content_en_us\":\"\n\n<p>Study-accompanying programmes for <strong>female STEM students<\\\/strong>.<\\\/p>\",\"margin\":\"default\"}},{\"type\":\"icon\",\"props\":{\"icon\":\"chevron-right\",\"icon_color\":\"muted\",\"icon_width\":60,\"link\":\"https:\\\/\\\/my.career-building.org\\\/\",\"link_en_us\":\"https:\\\/\\\/my.career-building.org\\\/en\\\/\",\"link_style\":\"muted\",\"margin\":\"default\"}}]},{\"type\":\"column\",\"props\":{\"image_position\":\"center-center\",\"position_sticky_breakpoint\":\"m\",\"width_medium\":\"1-5\",\"width_small\":\"1-3\"},\"children\":[{\"type\":\"image\",\"props\":{\"image\":\"wp-content\\\/uploads\\\/2024\\\/06\\\/Instagram_Layout71.png\",\"image_svg_color\":\"emphasis\",\"link\":\"https:\\\/\\\/femtec.org\\\/career-coaching\\\/\",\"link_en_us\":\"https:\\\/\\\/femtec.org\\\/en\\\/career-coaching\\\/\",\"margin\":\"default\"}},{\"type\":\"headline\",\"props\":{\"content\":\"\n\n<h5>Karriere-Coaching<\\\/h5>\",\"content_en_us\":\"\n\n<h5>Career-Coaching<\\\/h5>\",\"link\":\"https:\\\/\\\/femtec.org\\\/career-coaching\\\/\",\"link_en_us\":\"https:\\\/\\\/femtec.org\\\/en\\\/career-coaching\\\/\",\"title_element\":\"h1\"}},{\"type\":\"text\",\"props\":{\"column_breakpoint\":\"m\",\"content\":\"\n\n<p>F\\u00fcr <strong>Professionals<\\\/strong>, die ihren Karriere-Kompass (neu)bestimmen wollen.<\\\/p>\\n\n\n<p><\\\/p>\",\"content_en_us\":\"\n\n<p>For <strong>professionals<\\\/strong> looking to (re)define their career compass.<\\\/p>\",\"margin\":\"default\"}},{\"type\":\"icon\",\"props\":{\"icon\":\"chevron-right\",\"icon_color\":\"muted\",\"icon_width\":60,\"link\":\"https:\\\/\\\/femtec.org\\\/career-coaching\\\/\",\"link_en_us\":\"https:\\\/\\\/femtec.org\\\/en\\\/career-coaching\\\/\",\"link_style\":\"muted\",\"margin\":\"default\"}}]},{\"type\":\"column\",\"props\":{\"image_position\":\"center-center\",\"position_sticky_breakpoint\":\"m\",\"width_medium\":\"1-5\",\"width_small\":\"1-3\"},\"children\":[{\"type\":\"image\",\"props\":{\"image\":\"wp-content\\\/uploads\\\/2024\\\/06\\\/Instagram_Layout72.png\",\"image_svg_color\":\"emphasis\",\"link\":\"https:\\\/\\\/femtec.org\\\/corporate_partners\\\/\",\"link_en_us\":\"https:\\\/\\\/femtec.org\\\/en\\\/corporate_partners\\\/\",\"margin\":\"default\"}},{\"type\":\"headline\",\"props\":{\"content\":\"\n\n<h5>F\\u00fcr Unternehmen<\\\/h5>\",\"content_en_us\":\"\n\n<h5>For companies<\\\/h5>\",\"link\":\"https:\\\/\\\/next.femtec.org\\\/corporate_partners\\\/\",\"link_en_us\":\"https:\\\/\\\/next.femtec.org\\\/en\\\/corporate_partners\\\/\",\"title_element\":\"h1\"}},{\"type\":\"text\",\"props\":{\"column_breakpoint\":\"m\",\"content\":\"\n\n<p>Als <strong>Unternehmen<\\\/strong> mit Gleichstellungs-Ambitionen Teil des Netzwerks werden!<\\\/p>\\n\n\n<p><\\\/p>\",\"content_en_us\":\"\n\n<p>Join the Network as a <strong>Company<\\\/strong> with gender equality ambitions!<\\\/p>\",\"margin\":\"default\"}},{\"type\":\"icon\",\"props\":{\"icon\":\"chevron-right\",\"icon_color\":\"muted\",\"icon_width\":60,\"link\":\"https:\\\/\\\/femtec.org\\\/corporate_partners\\\/\",\"link_en_us\":\"https:\\\/\\\/femtec.org\\\/en\\\/corporate_partners\\\/\",\"link_style\":\"muted\",\"margin\":\"default\"}}]},{\"type\":\"column\",\"props\":{\"image_position\":\"center-center\",\"position_sticky_breakpoint\":\"m\",\"width_medium\":\"1-5\",\"width_small\":\"1-3\"},\"children\":[{\"type\":\"image\",\"props\":{\"image\":\"wp-content\\\/uploads\\\/2024\\\/06\\\/Instagram_Layout74.png\",\"image_svg_color\":\"emphasis\",\"link\":\"https:\\\/\\\/femtec.org\\\/universities\\\/\",\"link_en_us\":\"https:\\\/\\\/femtec.org\\\/en\\\/universities\\\/\",\"margin\":\"default\"}},{\"type\":\"headline\",\"props\":{\"content\":\"\n\n<h5>F\\u00fcr Universit\\u00e4ten &amp; Hochschulen<\\\/h5>\",\"content_en_us\":\"\n\n<h5>For universities<\\\/h5>\",\"link\":\"https:\\\/\\\/femtec.org\\\/universities\\\/\",\"link_en_us\":\"https:\\\/\\\/femtec.org\\\/en\\\/universities\\\/\",\"title_element\":\"h1\"}},{\"type\":\"text\",\"props\":{\"column_breakpoint\":\"m\",\"content\":\"\n\n<p>Sich campus-\\u00fcbergreifend engagieren, austauschen und vernetzten.<\\\/p>\",\"content_en_us\":\"\n\n<p>Engage, exchange and network across multiple campuses.<\\\/p>\",\"margin\":\"default\"}},{\"type\":\"icon\",\"props\":{\"icon\":\"chevron-right\",\"icon_color\":\"muted\",\"icon_width\":60,\"link\":\"https:\\\/\\\/femtec.org\\\/universities\\\/\",\"link_en_us\":\"https:\\\/\\\/femtec.org\\\/en\\\/universities\\\/\",\"link_style\":\"muted\",\"margin\":\"default\"}}]}]}]}]}]}]},{\"type\":\"section\",\"props\":{\"image_position\":\"center-center\",\"style\":\"default\",\"title_breakpoint\":\"xl\",\"title_position\":\"top-left\",\"title_rotation\":\"left\",\"vertical_align\":\"middle\",\"width\":\"default\"},\"children\":[{\"type\":\"row\",\"children\":[{\"type\":\"column\",\"props\":{\"image_position\":\"center-center\",\"position_sticky_breakpoint\":\"m\"},\"children\":[{\"type\":\"divider\",\"props\":{\"divider_element\":\"hr\"}}]}]}]},{\"type\":\"section\",\"props\":{\"image\":\"wp-content\\\/uploads\\\/2024\\\/05\\\/Hintergrund18.png\",\"image_position\":\"center-center\",\"status\":\"disabled\",\"style\":\"default\",\"title_breakpoint\":\"xl\",\"title_position\":\"top-left\",\"title_rotation\":\"left\",\"vertical_align\":\"middle\",\"width\":\"default\"},\"children\":[{\"type\":\"row\",\"children\":[{\"type\":\"column\",\"props\":{\"image_position\":\"center-center\",\"position_sticky_breakpoint\":\"m\"},\"children\":[{\"type\":\"divider\",\"props\":{\"divider_element\":\"hr\"}},{\"type\":\"headline\",\"props\":{\"content\":\"\n\n<h2>Unsere programme<\\\/h2>\",\"title_element\":\"h1\"}},{\"name\":\"Gallery Center Columns\",\"type\":\"gallery\",\"children\":[{\"type\":\"gallery_item\",\"props\":{\"content\":\"\",\"image\":\"wp-content\\\/uploads\\\/2024\\\/06\\\/Instagram_Layout69.png\",\"link\":\"#\",\"meta\":\"F\\u00fcr Sch\\u00fcler:innen\",\"title\":\"Talent Take Off\"}},{\"type\":\"gallery_item\",\"props\":{\"content\":\"\",\"image\":\"wp-content\\\/uploads\\\/2024\\\/06\\\/Instagram_Layout70.png\",\"link\":\"#\",\"meta\":\"F\\u00fcr Studentinnen\",\"title\":\"Career-Building\"}},{\"type\":\"gallery_item\",\"props\":{\"content\":\"\",\"image\":\"wp-content\\\/uploads\\\/2024\\\/06\\\/Instagram_Layout71.png\",\"link\":\"#\",\"meta\":\"F\\u00fcr Professionals\",\"title\":\"Career-Coaching\"}},{\"type\":\"gallery_item\",\"props\":{\"content\":\"\",\"hover_image\":\"wp-content\\\/uploads\\\/2024\\\/06\\\/Instagram_Layout74.png\",\"image\":\"wp-content\\\/uploads\\\/2024\\\/06\\\/Instagram_Layout74.png\",\"link\":\"#\",\"title\":\"F\\u00fcr Unis & HAWs\"}},{\"type\":\"gallery_item\",\"props\":{\"content\":\"\",\"hover_image\":\"\",\"image\":\"wp-content\\\/uploads\\\/2024\\\/06\\\/Instagram_Layout72.png\",\"link\":\"#\",\"text_color_hover\":false,\"title\":\"F\\u00fcr Unternehmen\"}}],\"props\":{\"filter_align\":\"left\",\"filter_all\":true,\"filter_grid_breakpoint\":\"m\",\"filter_grid_width\":\"auto\",\"filter_position\":\"top\",\"filter_style\":\"tab\",\"grid_column_align\":true,\"grid_column_gap\":\"small\",\"grid_default\":\"1\",\"grid_medium\":\"3\",\"grid_parallax\":\"0\",\"grid_row_gap\":\"small\",\"grid_small\":\"2\",\"image_transition\":\"scale-up\",\"image_width\":\"610\",\"item_animation\":true,\"link_style\":\"text\",\"link_text\":\"More Details\",\"margin\":\"\",\"meta_align\":\"below-title\",\"meta_element\":\"div\",\"meta_style\":\"\",\"overlay_hover\":false,\"overlay_link\":true,\"overlay_margin\":\"large\",\"overlay_maxwidth\":\"large\",\"overlay_mode\":\"cover\",\"overlay_padding\":\"none\",\"overlay_position\":\"center\",\"overlay_style\":\"\",\"overlay_transition\":\"fade\",\"parallax_easing\":\"1\",\"show_content\":true,\"show_hover_image\":false,\"show_hover_video\":true,\"show_link\":false,\"show_meta\":true,\"show_title\":true,\"text_align\":\"center\",\"text_color\":\"light\",\"title_element\":\"h4\",\"title_hover_style\":\"reset\",\"title_style\":\"h2\"}},{\"type\":\"divider\",\"props\":{\"divider_element\":\"hr\"}}]}]}]},{\"type\":\"section\",\"props\":{\"image_position\":\"center-center\",\"status\":\"disabled\",\"style\":\"default\",\"title_breakpoint\":\"xl\",\"title_position\":\"top-left\",\"title_rotation\":\"left\",\"vertical_align\":\"middle\",\"width\":\"default\"},\"children\":[{\"type\":\"row\",\"children\":[{\"type\":\"column\",\"props\":{\"image_position\":\"center-center\",\"position_sticky_breakpoint\":\"m\"},\"children\":[{\"type\":\"fragment\",\"props\":{\"margin\":\"default\"},\"children\":[{\"type\":\"row\",\"props\":{\"layout\":\"1-2,1-2\"},\"children\":[{\"type\":\"column\",\"props\":{\"image_position\":\"center-center\",\"position_sticky_breakpoint\":\"m\",\"width_medium\":\"1-2\"},\"children\":[{\"type\":\"headline\",\"props\":{\"content\":\"\n\n<h5>Young Talents<\\\/h5>\",\"title_element\":\"h1\"}},{\"type\":\"text\",\"props\":{\"column_breakpoint\":\"m\",\"content\":\"\n\n<p>Studienwahl \\u2013 alles klar? Du begeisterst dich f\\u00fcr Experimente, Zahlen und Formeln, eigentlich f\\u00fcr (fast) alles, was mit Mathematik, Informatik, Naturwissenschaft und Technik (MINT) zu tun hat \\u2013 aber du wei\\u00dft nicht, welches der vielen m\\u00f6glichen Studienf\\u00e4cher du w\\u00e4hlen sollst? Dann meld\\u2018 dich f\\u00fcr das Studienorientierungsprogramm \\u201eTalent Take Off\\u201c von Femtec und Fraunhofer-Gesellschaft an!<\\\/p>\",\"margin\":\"default\"}},{\"type\":\"button\",\"props\":{\"grid_column_gap\":\"small\",\"grid_row_gap\":\"small\",\"margin\":\"default\"}}]},{\"type\":\"column\",\"props\":{\"image_position\":\"center-center\",\"position_sticky_breakpoint\":\"m\",\"width_medium\":\"1-2\"},\"children\":[{\"name\":\"Overlay Text Dark Left Center\",\"type\":\"overlay\",\"props\":{\"content\":\"\",\"content_margin\":\"small\",\"image\":\"wp-content\\\/uploads\\\/2024\\\/05\\\/Professionals.png\",\"image_min_height\":\"300\",\"image_width\":\"1600\",\"link\":\"#\",\"link_style\":\"text\",\"link_text\":\"F\\u00fcr Professionals\",\"margin\":\"\",\"meta_align\":\"below-title\",\"meta_element\":\"div\",\"meta_style\":\"text-meta\",\"overlay_hover\":false,\"overlay_link\":true,\"overlay_maxwidth\":\"large\",\"overlay_mode\":\"cover\",\"overlay_position\":\"center-left\",\"overlay_style\":\"\",\"overlay_transition\":\"fade\",\"text_align\":\"\",\"text_color\":\"dark\",\"title\":\"Career-Coaching\",\"title_element\":\"h3\",\"title_hover_style\":\"reset\",\"title_style\":\"h5\"}}]}]}]},{\"type\":\"divider\",\"props\":{\"divider_element\":\"hr\"}},{\"type\":\"fragment\",\"props\":{\"margin\":\"default\"},\"children\":[{\"type\":\"row\",\"props\":{\"layout\":\"1-2,1-2\"},\"children\":[{\"type\":\"column\",\"props\":{\"image_position\":\"center-center\",\"position_sticky_breakpoint\":\"m\",\"width_medium\":\"1-2\"},\"children\":[{\"name\":\"Overlay Text Dark Left Center\",\"type\":\"overlay\",\"props\":{\"content\":\"Lorem ipsum dolor sit amet, consectetur\",\"content_margin\":\"small\",\"image\":\"\",\"image_min_height\":\"300\",\"image_width\":\"1600\",\"link\":\"#\",\"link_style\":\"text\",\"link_text\":\"View Collection\",\"margin\":\"\",\"meta_align\":\"below-title\",\"meta_element\":\"div\",\"meta_style\":\"text-meta\",\"overlay_hover\":false,\"overlay_link\":true,\"overlay_maxwidth\":\"large\",\"overlay_mode\":\"cover\",\"overlay_position\":\"center-left\",\"overlay_style\":\"\",\"overlay_transition\":\"fade\",\"text_align\":\"\",\"text_color\":\"dark\",\"title\":\"Headphones\",\"title_element\":\"h3\",\"title_hover_style\":\"reset\",\"title_style\":\"h2\"}}]},{\"type\":\"column\",\"props\":{\"image_position\":\"center-center\",\"position_sticky_breakpoint\":\"m\",\"width_medium\":\"1-2\"},\"children\":[{\"type\":\"headline\",\"props\":{\"content\":\"\n\n<h5>MINT-Studentinnen<\\\/h5>\",\"title_element\":\"h1\"}},{\"type\":\"text\",\"props\":{\"column_breakpoint\":\"m\",\"margin\":\"default\"}},{\"type\":\"button\",\"props\":{\"grid_column_gap\":\"small\",\"grid_row_gap\":\"small\",\"margin\":\"default\"}}]}]}]},{\"type\":\"divider\",\"props\":{\"divider_element\":\"hr\"}},{\"type\":\"fragment\",\"props\":{\"margin\":\"default\"},\"children\":[{\"type\":\"row\",\"props\":{\"layout\":\"1-2,1-2\"},\"children\":[{\"type\":\"column\",\"props\":{\"image_position\":\"center-center\",\"position_sticky_breakpoint\":\"m\",\"width_medium\":\"1-2\"},\"children\":[{\"type\":\"headline\",\"props\":{\"content\":\"\n\n<h5>Professionals<\\\/h5>\",\"title_element\":\"h1\"}},{\"type\":\"text\",\"props\":{\"column_breakpoint\":\"m\",\"content\":\"\n\n<p>Studienwahl \\u2013 alles klar? Du begeisterst dich f\\u00fcr Experimente, Zahlen und Formeln, eigentlich f\\u00fcr (fast) alles, was mit Mathematik, Informatik, Naturwissenschaft und Technik (MINT) zu tun hat \\u2013 aber du wei\\u00dft nicht, welches der vielen m\\u00f6glichen Studienf\\u00e4cher du w\\u00e4hlen sollst? Dann meld\\u2018 dich f\\u00fcr das Studienorientierungsprogramm \\u201eTalent Take Off\\u201c von Femtec und Fraunhofer-Gesellschaft an!<\\\/p>\",\"margin\":\"default\"}},{\"type\":\"button\",\"props\":{\"grid_column_gap\":\"small\",\"grid_row_gap\":\"small\",\"margin\":\"default\"}}]},{\"type\":\"column\",\"props\":{\"image_position\":\"center-center\",\"position_sticky_breakpoint\":\"m\",\"width_medium\":\"1-2\"},\"children\":[{\"type\":\"overlay\",\"props\":{\"hover_image\":\"\",\"image\":\"wp-content\\\/uploads\\\/2024\\\/05\\\/Professionals.png\",\"link_style\":\"default\",\"link_text\":\"Read more\",\"margin\":\"default\",\"meta_align\":\"below-title\",\"meta_element\":\"div\",\"meta_style\":\"text-meta\",\"overlay_hover\":true,\"overlay_mode\":\"cover\",\"overlay_position\":\"center\",\"overlay_style\":\"overlay-primary\",\"overlay_transition\":\"fade\",\"text_align\":\"center\",\"text_color\":\"light\",\"title_element\":\"h3\",\"title_hover_style\":\"reset\"}}]}]}]},{\"type\":\"divider\",\"props\":{\"divider_element\":\"hr\"}},{\"type\":\"fragment\",\"props\":{\"margin\":\"default\"},\"children\":[{\"type\":\"row\",\"props\":{\"layout\":\"1-2,1-2\"},\"children\":[{\"type\":\"column\",\"props\":{\"image_position\":\"center-center\",\"position_sticky_breakpoint\":\"m\",\"width_medium\":\"1-2\"},\"children\":[{\"type\":\"overlay\",\"props\":{\"image\":\"wp-content\\\/uploads\\\/2024\\\/05\\\/Univerities.png\",\"link_style\":\"default\",\"link_text\":\"Read more\",\"margin\":\"default\",\"meta_align\":\"below-title\",\"meta_element\":\"div\",\"meta_style\":\"text-meta\",\"overlay_hover\":true,\"overlay_mode\":\"cover\",\"overlay_position\":\"center\",\"overlay_style\":\"overlay-primary\",\"overlay_transition\":\"fade\",\"text_align\":\"center\",\"text_color\":\"light\",\"title_element\":\"h3\",\"title_hover_style\":\"reset\"}}]},{\"type\":\"column\",\"props\":{\"image_position\":\"center-center\",\"position_sticky_breakpoint\":\"m\",\"width_medium\":\"1-2\"},\"children\":[{\"type\":\"headline\",\"props\":{\"content\":\"\n\n<h5>Unternehmen<\\\/h5>\",\"title_element\":\"h1\"}},{\"type\":\"text\",\"props\":{\"column_breakpoint\":\"m\",\"margin\":\"default\"}},{\"type\":\"button\",\"props\":{\"grid_column_gap\":\"small\",\"grid_row_gap\":\"small\",\"margin\":\"default\"}}]}]}]},{\"type\":\"divider\",\"props\":{\"divider_element\":\"hr\"}},{\"type\":\"fragment\",\"props\":{\"margin\":\"default\"},\"children\":[{\"type\":\"row\",\"props\":{\"layout\":\"1-2,1-2\"},\"children\":[{\"type\":\"column\",\"props\":{\"image_position\":\"center-center\",\"position_sticky_breakpoint\":\"m\",\"width_medium\":\"1-2\"},\"children\":[{\"type\":\"headline\",\"props\":{\"content\":\"\n\n<h5>hochschulen &amp; Universit\\u00e4ten<\\\/h5>\",\"title_element\":\"h1\"}},{\"type\":\"text\",\"props\":{\"column_breakpoint\":\"m\",\"content\":\"\n\n<p>Studienwahl \\u2013 alles klar? Du begeisterst dich f\\u00fcr Experimente, Zahlen und Formeln, eigentlich f\\u00fcr (fast) alles, was mit Mathematik, Informatik, Naturwissenschaft und Technik (MINT) zu tun hat \\u2013 aber du wei\\u00dft nicht, welches der vielen m\\u00f6glichen Studienf\\u00e4cher du w\\u00e4hlen sollst? Dann meld\\u2018 dich f\\u00fcr das Studienorientierungsprogramm \\u201eTalent Take Off\\u201c von Femtec und Fraunhofer-Gesellschaft an!<\\\/p>\",\"margin\":\"default\"}},{\"type\":\"button\",\"props\":{\"grid_column_gap\":\"small\",\"grid_row_gap\":\"small\",\"margin\":\"default\"}}]},{\"type\":\"column\",\"props\":{\"image_position\":\"center-center\",\"position_sticky_breakpoint\":\"m\",\"width_medium\":\"1-2\"},\"children\":[{\"name\":\"Overlay Text Dark Left Center\",\"type\":\"overlay\",\"props\":{\"content\":\"Lorem ipsum dolor sit amet, consectetur\",\"content_margin\":\"small\",\"image\":\"wp-content\\\/uploads\\\/2024\\\/05\\\/Univerities.png\",\"image_min_height\":\"300\",\"image_width\":\"1600\",\"link\":\"#\",\"link_style\":\"text\",\"link_text\":\"View Collection\",\"margin\":\"\",\"meta_align\":\"below-title\",\"meta_element\":\"div\",\"meta_style\":\"text-meta\",\"overlay_hover\":false,\"overlay_link\":true,\"overlay_maxwidth\":\"large\",\"overlay_mode\":\"cover\",\"overlay_position\":\"center-left\",\"overlay_style\":\"\",\"overlay_transition\":\"fade\",\"text_align\":\"\",\"text_color\":\"dark\",\"title\":\"Headphones\",\"title_element\":\"h3\",\"title_hover_style\":\"reset\",\"title_style\":\"h2\"}}]}]}]},{\"type\":\"divider\",\"props\":{\"divider_element\":\"hr\"}}]}]}]}],\"version\":\"4.3.13\"} --><\/p>\n","protected":false},"excerpt":{"rendered":"<p>Wir begleiten \u2028MINT-Enthusiat*innen entlang der gesamten Bildungskette Unsere programme Talent Take Off Unser Studien-orientierungsprogramm f\u00fcr Sch\u00fcler*innen und Studienanf\u00e4nger*innen. [chevron-right] Career-Building Die Career-Building Programme bereiten MINT- Studentinnen gezielt auf die berufliche Praxis vor. [chevron-right] Karriere-Coaching F\u00fcr Professionals, die ihren Karriere-Kompass (neu)bestimmen wollen. [chevron-right] F\u00fcr Unternehmen Als Unternehmen mit Gleichstellungs-Ambitionen Teil des Netzwerks werden! [chevron-right] F\u00fcr Universit\u00e4ten [&hellip;]<\/p>\n","protected":false},"author":14,"featured_media":0,"parent":0,"menu_order":0,"comment_status":"closed","ping_status":"closed","template":"","meta":{"footnotes":""},"class_list":["post-11710","page","type-page","status-publish","hentry"],"_links":{"self":[{"href":"https:\/\/www.femtec.org\/wp-json\/wp\/v2\/pages\/11710"}],"collection":[{"href":"https:\/\/www.femtec.org\/wp-json\/wp\/v2\/pages"}],"about":[{"href":"https:\/\/www.femtec.org\/wp-json\/wp\/v2\/types\/page"}],"author":[{"embeddable":true,"href":"https:\/\/www.femtec.org\/wp-json\/wp\/v2\/users\/14"}],"replies":[{"embeddable":true,"href":"https:\/\/www.femtec.org\/wp-json\/wp\/v2\/comments?post=11710"}],"version-history":[{"count":182,"href":"https:\/\/www.femtec.org\/wp-json\/wp\/v2\/pages\/11710\/revisions"}],"predecessor-version":[{"id":15894,"href":"https:\/\/www.femtec.org\/wp-json\/wp\/v2\/pages\/11710\/revisions\/15894"}],"wp:attachment":[{"href":"https:\/\/www.femtec.org\/wp-json\/wp\/v2\/media?parent=11710"}],"curies":[{"name":"wp","href":"https:\/\/api.w.org\/{rel}","templated":true}]}}